{"id":105,"date":"2014-01-03T21:05:59","date_gmt":"2014-01-03T21:05:59","guid":{"rendered":"http:\/\/zsjak.novestraseci.info\/?page_id=105"},"modified":"2014-12-12T09:13:45","modified_gmt":"2014-12-12T08:13:45","slug":"zakladni-skola","status":"publish","type":"page","link":"https:\/\/kolokolovec.pionyr.cz\/?page_id=105","title":{"rendered":"O n\u00e1s"},"content":{"rendered":"<p>Historie na\u0161\u00ed pion\u00fdrsk\u00e9 skupiny spad\u00e1 ji\u017e do roku 1950. Obdob\u00ed totality je pro v\u011bt\u0161inu z n\u00e1s na\u0161t\u011bst\u00ed zapomenuto. A z\u016fstalo v n\u00e1s to d\u016fle\u017eit\u00e9 &#8211; chu\u0165, z\u00e1jem a snaha dobrovoln\u011b pracovat s na\u0161imi d\u011btmi. Po roce 1989 pro\u0161la PS drobn\u00fdmi zm\u011bnami. Do roku 1994 jsme se sch\u00e1zeli jednou za m\u011bs\u00edc a tr\u00e1vili spole\u010dn\u00e9 v\u00edkendy. V\u0161em \u00fa\u010dastn\u00edk\u016fm se to l\u00edbilo. Z\u00e1jem rodi\u010d\u016f, aby jejich d\u011bti pro\u017e\u00edvaly dobrodru\u017estv\u00ed, z\u00e1bavu a u\u017eite\u010dn\u00e1 ponau\u010den\u00ed st\u00e1le stoupal a proto od roku 1994 pracujeme s d\u011btmi st\u00e1le \u010dast\u011bji. Obl\u00edben\u00e9 jsou v\u00edkendov\u00e9 akce a akce jednodenn\u00ed. Nejv\u011bt\u0161\u00ed odm\u011bnou jsou pro d\u011bti i pro n\u00e1s pr\u00e1zdninov\u00e9 letn\u00ed t\u00e1bory na 14 dn\u00ed. Ka\u017ed\u00fd p\u00e1tek se sch\u00e1z\u00edme s d\u011btmi v na\u0161\u00ed nov\u011b zrekonstruovan\u00e9 klubovn\u011b v Kolov\u010di. Tato st\u0159ediskov\u00e1 obec se nach\u00e1z\u00ed 15 km v\u00fdchodn\u011b od Doma\u017elic. M\u00e1 kolem 1 000 obyvatel a najdeme tady z\u00e1kladn\u00ed i mate\u0159skou \u0161kolu, muzeum,\u00a0kart\u00e1\u010dovny, sportovn\u00ed klub Slavoj Kolove\u010d, dobrovoln\u00e9 hasi\u010de&#8230;.<\/p>\n<p><b><i><span style=\"color: orange; font-family: Verdana; font-size: large;\"> P\u0159ehled akc\u00ed pro d\u011bti:<\/span><\/i><\/b><\/p>\n<p>v\u00edkendov\u00e9 akce&#8230;&#8230;&#8230;&#8230;Ledov\u00e1 Praha, Mezholezy, S\u00e1dek<br \/>\nvolno\u010dasov\u00fd klub&#8230;&#8230;&#8230;Klub Brouka Pytl\u00edka, V\u00fdtvarn\u00e9 a keramick\u00e9 d\u00edlny<br \/>\njednodenn\u00ed akce&#8230;&#8230;&#8230;..Bingo, Deskov\u00e9 hry a jin\u00e9<br \/>\nletn\u00ed t\u00e1bory&#8230;&#8230;&#8230;&#8230;&#8230;..14 dn\u00ed v \u010dervenci<\/p>\n","protected":false},"excerpt":{"rendered":"<p>Historie na\u0161\u00ed pion\u00fdrsk\u00e9 skupiny spad\u00e1 ji\u017e do roku 1950. Obdob\u00ed totality je pro v\u011bt\u0161inu z n\u00e1s na\u0161t\u011bst\u00ed zapomenuto. A z\u016fstalo v n\u00e1s to d\u016fle\u017eit\u00e9 &#8211; chu\u0165, z\u00e1jem a snaha dobrovoln\u011b pracovat s na\u0161imi d\u011btmi. Po roce 1989 pro\u0161la PS drobn\u00fdmi &hellip; <a href=\"https:\/\/kolokolovec.pionyr.cz\/?page_id=105\">Cel\u00fd p\u0159\u00edsp\u011bvek <span class=\"meta-nav\">&rarr;<\/span><\/a><\/p>\n","protected":false},"author":2,"featured_media":0,"parent":0,"menu_order":1,"comment_status":"closed","ping_status":"closed","template":"","meta":{"footnotes":""},"class_list":["post-105","page","type-page","status-publish","hentry"],"_links":{"self":[{"href":"https:\/\/kolokolovec.pionyr.cz\/index.php?rest_route=\/wp\/v2\/pages\/105"}],"collection":[{"href":"https:\/\/kolokolovec.pionyr.cz\/index.php?rest_route=\/wp\/v2\/pages"}],"about":[{"href":"https:\/\/kolokolovec.pionyr.cz\/index.php?rest_route=\/wp\/v2\/types\/page"}],"author":[{"embeddable":true,"href":"https:\/\/kolokolovec.pionyr.cz\/index.php?rest_route=\/wp\/v2\/users\/2"}],"replies":[{"embeddable":true,"href":"https:\/\/kolokolovec.pionyr.cz\/index.php?rest_route=%2Fwp%2Fv2%2Fcomments&post=105"}],"version-history":[{"count":1,"href":"https:\/\/kolokolovec.pionyr.cz\/index.php?rest_route=\/wp\/v2\/pages\/105\/revisions"}],"predecessor-version":[{"id":1647,"href":"https:\/\/kolokolovec.pionyr.cz\/index.php?rest_route=\/wp\/v2\/pages\/105\/revisions\/1647"}],"wp:attachment":[{"href":"https:\/\/kolokolovec.pionyr.cz\/index.php?rest_route=%2Fwp%2Fv2%2Fmedia&parent=105"}],"curies":[{"name":"wp","href":"https:\/\/api.w.org\/{rel}","templated":true}]}}