{"id":1394,"date":"2014-09-22T22:01:59","date_gmt":"2014-09-22T21:01:59","guid":{"rendered":"http:\/\/zsjak.novestraseci.info\/?page_id=1394"},"modified":"2026-01-09T16:04:37","modified_gmt":"2026-01-09T15:04:37","slug":"pridej-se-k-nam","status":"publish","type":"page","link":"https:\/\/kolokolovec.pionyr.cz\/?page_id=1394","title":{"rendered":"P\u0159idej se k n\u00e1m"},"content":{"rendered":"<p align=\"left\"><strong><span style=\"color: #0000ff;\">P\u0159ij\u010fte mezi n\u00e1s a sta\u0148te se \u010dleny na\u0161eho spolku!<\/span><\/strong><\/p>\n<p><b><span style=\"color: #000000;\">\u010dlensk\u00fd p\u0159\u00edsp\u011bvek . . . . 400,- K\u010d na kalend\u00e1\u0159n\u00ed rok <\/span><\/b><span style=\"color: #000000;\">(plat\u00edte \u2013 li v z\u00e1\u0159\u00ed, \u0159\u00edjnu, listopadu \u010di v prosinci leto\u0161n\u00edho roku \u2013 \u010dlenstv\u00ed plat\u00ed do prosince p\u0159\u00ed\u0161t\u00edho roku, <\/span><span style=\"color: #000000;\">\u010dlenstv\u00ed se ka\u017ed\u00fd rok obnovuje nebo zanik\u00e1)<\/span><\/p>\n<p><b><span style=\"text-decoration: underline;\"><span style=\"color: #000000;\">Jak\u00e9 v\u00fdhody m\u00e1me pro v\u00e1s p\u0159ipraveny?<\/span><\/span><\/b><\/p>\n<ul>\n<li>V\u00edkendov\u00e9 akce (obvykle 2x ro\u010dn\u011b)&#8230;&#8230;..sleva pro \u010dleny 100 K\u010d za akci &#8230; celkem 200 K\u010d<\/li>\n<li>P\u00e1te\u010dn\u00ed celoro\u010dn\u00ed Klub Brouka Pytl\u00edka \u2026 zcela zdarma<\/li>\n<li>Noci s p\u0159ekvapen\u00edm \u2013 \u010dlenov\u00e9 zdarma \/ ostatn\u00ed 50 K\u010d<\/li>\n<li>Keramick\u00e9 d\u00edlny (cca 6x) \u2013 sleva 70 K\u010d na d\u00edlnu \u2026 celkem 420 K\u010d<\/li>\n<\/ul>\n","protected":false},"excerpt":{"rendered":"<p>P\u0159ij\u010fte mezi n\u00e1s a sta\u0148te se \u010dleny na\u0161eho spolku! \u010dlensk\u00fd p\u0159\u00edsp\u011bvek . . . . 400,- K\u010d na kalend\u00e1\u0159n\u00ed rok (plat\u00edte \u2013 li v z\u00e1\u0159\u00ed, \u0159\u00edjnu, listopadu \u010di v prosinci leto\u0161n\u00edho roku \u2013 \u010dlenstv\u00ed plat\u00ed do prosince p\u0159\u00ed\u0161t\u00edho roku, \u010dlenstv\u00ed &hellip; <a href=\"https:\/\/kolokolovec.pionyr.cz\/?page_id=1394\">Cel\u00fd p\u0159\u00edsp\u011bvek <span class=\"meta-nav\">&rarr;<\/span><\/a><\/p>\n","protected":false},"author":2,"featured_media":0,"parent":0,"menu_order":0,"comment_status":"closed","ping_status":"closed","template":"","meta":{"footnotes":""},"class_list":["post-1394","page","type-page","status-publish","hentry"],"_links":{"self":[{"href":"https:\/\/kolokolovec.pionyr.cz\/index.php?rest_route=\/wp\/v2\/pages\/1394"}],"collection":[{"href":"https:\/\/kolokolovec.pionyr.cz\/index.php?rest_route=\/wp\/v2\/pages"}],"about":[{"href":"https:\/\/kolokolovec.pionyr.cz\/index.php?rest_route=\/wp\/v2\/types\/page"}],"author":[{"embeddable":true,"href":"https:\/\/kolokolovec.pionyr.cz\/index.php?rest_route=\/wp\/v2\/users\/2"}],"replies":[{"embeddable":true,"href":"https:\/\/kolokolovec.pionyr.cz\/index.php?rest_route=%2Fwp%2Fv2%2Fcomments&post=1394"}],"version-history":[{"count":21,"href":"https:\/\/kolokolovec.pionyr.cz\/index.php?rest_route=\/wp\/v2\/pages\/1394\/revisions"}],"predecessor-version":[{"id":3511,"href":"https:\/\/kolokolovec.pionyr.cz\/index.php?rest_route=\/wp\/v2\/pages\/1394\/revisions\/3511"}],"wp:attachment":[{"href":"https:\/\/kolokolovec.pionyr.cz\/index.php?rest_route=%2Fwp%2Fv2%2Fmedia&parent=1394"}],"curies":[{"name":"wp","href":"https:\/\/api.w.org\/{rel}","templated":true}]}}