{"id":1401,"date":"2014-09-24T19:49:27","date_gmt":"2014-09-24T18:49:27","guid":{"rendered":"http:\/\/zsjak.novestraseci.info\/?page_id=1401"},"modified":"2026-04-06T18:22:22","modified_gmt":"2026-04-06T17:22:22","slug":"my","status":"publish","type":"page","link":"https:\/\/kolokolovec.pionyr.cz\/?page_id=1401","title":{"rendered":"My"},"content":{"rendered":"<p><a title=\"Ond\u0159ej Hammerschick *1997\" href=\"http:\/\/kolokolovec.pionyr.cz\/?page_id=1475\">Ond\u0159ej Hammerschick<\/a>\u00a0 &#8211;\u00a0statut\u00e1rn\u00ed z\u00e1stupce skupiny<\/p>\n<p><a title=\"Martina Bozd\u011bchov\u00e1 *1974\" href=\"http:\/\/kolokolovec.pionyr.cz\/?page_id=1417\">Martina &#8222;Bor\u016fvka&#8220; Bozd\u011bchov\u00e1<\/a><\/p>\n<p><a title=\"Jan Kalista *2000\" href=\"http:\/\/kolokolovec.pionyr.cz\/?page_id=2259\">Jan Kalista<\/a><\/p>\n<p><a title=\"Maru\u0161ka Behensk\u00e1 *\" href=\"http:\/\/kolokolovec.pionyr.cz\/?page_id=2583\">Marie Behensk\u00e1<\/a><\/p>\n<p><a href=\"https:\/\/kolokolovec.pionyr.cz\/?page_id=3565\">Krist\u00fdna \u010cadkov\u00e1<\/a><\/p>\n<p><a href=\"https:\/\/kolokolovec.pionyr.cz\/?page_id=3549\">Julie Cejpov\u00e1<\/a><\/p>\n<p><a href=\"https:\/\/kolokolovec.pionyr.cz\/?page_id=3552\">Marie B\u011blohlav\u00e1<\/a><\/p>\n<p><a href=\"https:\/\/kolokolovec.pionyr.cz\/?page_id=3547\">Mat\u011bj Cejp<\/a><\/p>\n<p><a href=\"https:\/\/kolokolovec.pionyr.cz\/?page_id=3580\">Petr Eibisch<\/a><\/p>\n<p><a title=\"Renata Routov\u00e1 *2001\" href=\"http:\/\/kolokolovec.pionyr.cz\/?page_id=2581\">Renata Routov\u00e1<\/a><\/p>\n<p><a href=\"https:\/\/kolokolovec.pionyr.cz\/?page_id=3536\">Mariana Szab\u00f3<\/a><\/p>\n<p><a title=\"Iva \u0160kopkov\u00e1\" href=\"http:\/\/kolokolovec.pionyr.cz\/?page_id=1402\">Iva \u0160kopkov\u00e1\u00a0<\/a><\/p>\n<p><a title=\"Daniela Kalistov\u00e1 *1970\" href=\"http:\/\/kolokolovec.pionyr.cz\/?page_id=1453\">Daniela &#8222;D\u00e1ja&#8220; Kalistov\u00e1<\/a><\/p>\n<p><a title=\"Magdalena Hergetov\u00e1 *1969\" href=\"http:\/\/kolokolovec.pionyr.cz\/?page_id=1457\">Magdal\u00e9na Hergetov\u00e1<\/a><\/p>\n<p><a title=\"Hana Cejpov\u00e1 *1981\" href=\"http:\/\/kolokolovec.pionyr.cz\/?page_id=1459\">Hana &#8222;\u017dirafa&#8220; Cejpov\u00e1<\/a><\/p>\n<p><a title=\"Martin Cejp *1974\" href=\"http:\/\/kolokolovec.pionyr.cz\/?page_id=1451\">Martin &#8222;Kredenc&#8220; Cejp<\/a><\/p>\n<p>&nbsp;<\/p>\n","protected":false},"excerpt":{"rendered":"<p>Ond\u0159ej Hammerschick\u00a0 &#8211;\u00a0statut\u00e1rn\u00ed z\u00e1stupce skupiny Martina &#8222;Bor\u016fvka&#8220; Bozd\u011bchov\u00e1 Jan Kalista Marie Behensk\u00e1 Krist\u00fdna \u010cadkov\u00e1 Julie Cejpov\u00e1 Marie B\u011blohlav\u00e1 Mat\u011bj Cejp Petr Eibisch Renata Routov\u00e1 Mariana Szab\u00f3 Iva \u0160kopkov\u00e1\u00a0 Daniela &#8222;D\u00e1ja&#8220; Kalistov\u00e1 Magdal\u00e9na Hergetov\u00e1 Hana &#8222;\u017dirafa&#8220; Cejpov\u00e1 Martin &#8222;Kredenc&#8220; Cejp &nbsp;<\/p>\n","protected":false},"author":2,"featured_media":0,"parent":105,"menu_order":0,"comment_status":"closed","ping_status":"closed","template":"","meta":{"footnotes":""},"class_list":["post-1401","page","type-page","status-publish","hentry"],"_links":{"self":[{"href":"https:\/\/kolokolovec.pionyr.cz\/index.php?rest_route=\/wp\/v2\/pages\/1401"}],"collection":[{"href":"https:\/\/kolokolovec.pionyr.cz\/index.php?rest_route=\/wp\/v2\/pages"}],"about":[{"href":"https:\/\/kolokolovec.pionyr.cz\/index.php?rest_route=\/wp\/v2\/types\/page"}],"author":[{"embeddable":true,"href":"https:\/\/kolokolovec.pionyr.cz\/index.php?rest_route=\/wp\/v2\/users\/2"}],"replies":[{"embeddable":true,"href":"https:\/\/kolokolovec.pionyr.cz\/index.php?rest_route=%2Fwp%2Fv2%2Fcomments&post=1401"}],"version-history":[{"count":40,"href":"https:\/\/kolokolovec.pionyr.cz\/index.php?rest_route=\/wp\/v2\/pages\/1401\/revisions"}],"predecessor-version":[{"id":3600,"href":"https:\/\/kolokolovec.pionyr.cz\/index.php?rest_route=\/wp\/v2\/pages\/1401\/revisions\/3600"}],"up":[{"embeddable":true,"href":"https:\/\/kolokolovec.pionyr.cz\/index.php?rest_route=\/wp\/v2\/pages\/105"}],"wp:attachment":[{"href":"https:\/\/kolokolovec.pionyr.cz\/index.php?rest_route=%2Fwp%2Fv2%2Fmedia&parent=1401"}],"curies":[{"name":"wp","href":"https:\/\/api.w.org\/{rel}","templated":true}]}}