{"id":1402,"date":"2014-09-24T19:43:28","date_gmt":"2014-09-24T18:43:28","guid":{"rendered":"http:\/\/zsjak.novestraseci.info\/?page_id=1402"},"modified":"2026-02-17T15:22:45","modified_gmt":"2026-02-17T14:22:45","slug":"iva","status":"publish","type":"page","link":"https:\/\/kolokolovec.pionyr.cz\/?page_id=1402","title":{"rendered":"Iva \u0160kopkov\u00e1"},"content":{"rendered":"<p>&nbsp;<\/p>\n<p>Funkce v Pion\u00fdru: vedouc\u00ed odd\u00edlu<\/p>\n<p>Obl\u00edben\u00e1 \u010dinnost: \u010dten\u00ed, sledov\u00e1n\u00ed film\u016f<\/p>\n<p>Obl\u00edben\u00e9 zv\u00ed\u0159e: pes<\/p>\n<p>Motto: V\u00edm, \u017ee nic nev\u00edm<\/p>\n<p><img loading=\"lazy\" decoding=\"async\" class=\"alignnone size-medium wp-image-3554\" src=\"http:\/\/kolokolovec.pionyr.cz\/wp-content\/uploads\/2026\/02\/att.WlUb2ZQk-AXTHK10XvY19xChxDjv7D6zAP8CHlHRFqI-300x300.jpeg\" alt=\"\" width=\"300\" height=\"300\" srcset=\"https:\/\/kolokolovec.pionyr.cz\/wp-content\/uploads\/2026\/02\/att.WlUb2ZQk-AXTHK10XvY19xChxDjv7D6zAP8CHlHRFqI-300x300.jpeg 300w, https:\/\/kolokolovec.pionyr.cz\/wp-content\/uploads\/2026\/02\/att.WlUb2ZQk-AXTHK10XvY19xChxDjv7D6zAP8CHlHRFqI-150x150.jpeg 150w, https:\/\/kolokolovec.pionyr.cz\/wp-content\/uploads\/2026\/02\/att.WlUb2ZQk-AXTHK10XvY19xChxDjv7D6zAP8CHlHRFqI.jpeg 663w\" sizes=\"(max-width: 300px) 100vw, 300px\" \/><\/p>\n","protected":false},"excerpt":{"rendered":"<p>&nbsp; Funkce v Pion\u00fdru: vedouc\u00ed odd\u00edlu Obl\u00edben\u00e1 \u010dinnost: \u010dten\u00ed, sledov\u00e1n\u00ed film\u016f Obl\u00edben\u00e9 zv\u00ed\u0159e: pes Motto: V\u00edm, \u017ee nic nev\u00edm<\/p>\n","protected":false},"author":2,"featured_media":0,"parent":1401,"menu_order":0,"comment_status":"closed","ping_status":"closed","template":"","meta":{"footnotes":""},"class_list":["post-1402","page","type-page","status-publish","hentry"],"_links":{"self":[{"href":"https:\/\/kolokolovec.pionyr.cz\/index.php?rest_route=\/wp\/v2\/pages\/1402"}],"collection":[{"href":"https:\/\/kolokolovec.pionyr.cz\/index.php?rest_route=\/wp\/v2\/pages"}],"about":[{"href":"https:\/\/kolokolovec.pionyr.cz\/index.php?rest_route=\/wp\/v2\/types\/page"}],"author":[{"embeddable":true,"href":"https:\/\/kolokolovec.pionyr.cz\/index.php?rest_route=\/wp\/v2\/users\/2"}],"replies":[{"embeddable":true,"href":"https:\/\/kolokolovec.pionyr.cz\/index.php?rest_route=%2Fwp%2Fv2%2Fcomments&post=1402"}],"version-history":[{"count":3,"href":"https:\/\/kolokolovec.pionyr.cz\/index.php?rest_route=\/wp\/v2\/pages\/1402\/revisions"}],"predecessor-version":[{"id":3556,"href":"https:\/\/kolokolovec.pionyr.cz\/index.php?rest_route=\/wp\/v2\/pages\/1402\/revisions\/3556"}],"up":[{"embeddable":true,"href":"https:\/\/kolokolovec.pionyr.cz\/index.php?rest_route=\/wp\/v2\/pages\/1401"}],"wp:attachment":[{"href":"https:\/\/kolokolovec.pionyr.cz\/index.php?rest_route=%2Fwp%2Fv2%2Fmedia&parent=1402"}],"curies":[{"name":"wp","href":"https:\/\/api.w.org\/{rel}","templated":true}]}}