{"id":1417,"date":"2014-09-24T20:01:22","date_gmt":"2014-09-24T19:01:22","guid":{"rendered":"http:\/\/zsjak.novestraseci.info\/?page_id=1417"},"modified":"2020-01-02T18:55:39","modified_gmt":"2020-01-02T17:55:39","slug":"martina-bozdechova","status":"publish","type":"page","link":"https:\/\/kolokolovec.pionyr.cz\/?page_id=1417","title":{"rendered":"Martina Bozd\u011bchov\u00e1 *1974"},"content":{"rendered":"<p>Funkce v Pion\u00fdru: pion\u00fdr senior, pr\u00e1ce v\u0161eho druhu<\/p>\n<div id=\"attachment_2483\" style=\"width: 177px\" class=\"wp-caption alignright\"><img loading=\"lazy\" decoding=\"async\" aria-describedby=\"caption-attachment-2483\" class=\"size-medium wp-image-2483\" src=\"http:\/\/kolokolovec.pionyr.cz\/wp-content\/uploads\/2014\/09\/IMG_20170713_131834-167x300.jpg\" alt=\"Bor\u016fvka\" width=\"167\" height=\"300\" srcset=\"https:\/\/kolokolovec.pionyr.cz\/wp-content\/uploads\/2014\/09\/IMG_20170713_131834-167x300.jpg 167w, https:\/\/kolokolovec.pionyr.cz\/wp-content\/uploads\/2014\/09\/IMG_20170713_131834-572x1024.jpg 572w\" sizes=\"(max-width: 167px) 100vw, 167px\" \/><p id=\"caption-attachment-2483\" class=\"wp-caption-text\">Bor\u016fvka<\/p><\/div>\n<p>Obl\u00edben\u00e1 \u010dinnost: cestov\u00e1n\u00ed, dobrodru\u017estv\u00ed, pr\u00e1ce s d\u011btmi<\/p>\n<p>Obl\u00edben\u00e9 zv\u00ed\u0159e: pes<\/p>\n<p>Motto: &#8211;<\/p>\n","protected":false},"excerpt":{"rendered":"<p>Funkce v Pion\u00fdru: pion\u00fdr senior, pr\u00e1ce v\u0161eho druhu Obl\u00edben\u00e1 \u010dinnost: cestov\u00e1n\u00ed, dobrodru\u017estv\u00ed, pr\u00e1ce s d\u011btmi Obl\u00edben\u00e9 zv\u00ed\u0159e: pes Motto: &#8211;<\/p>\n","protected":false},"author":2,"featured_media":0,"parent":1401,"menu_order":0,"comment_status":"closed","ping_status":"closed","template":"","meta":{"footnotes":""},"class_list":["post-1417","page","type-page","status-publish","hentry"],"_links":{"self":[{"href":"https:\/\/kolokolovec.pionyr.cz\/index.php?rest_route=\/wp\/v2\/pages\/1417"}],"collection":[{"href":"https:\/\/kolokolovec.pionyr.cz\/index.php?rest_route=\/wp\/v2\/pages"}],"about":[{"href":"https:\/\/kolokolovec.pionyr.cz\/index.php?rest_route=\/wp\/v2\/types\/page"}],"author":[{"embeddable":true,"href":"https:\/\/kolokolovec.pionyr.cz\/index.php?rest_route=\/wp\/v2\/users\/2"}],"replies":[{"embeddable":true,"href":"https:\/\/kolokolovec.pionyr.cz\/index.php?rest_route=%2Fwp%2Fv2%2Fcomments&post=1417"}],"version-history":[{"count":2,"href":"https:\/\/kolokolovec.pionyr.cz\/index.php?rest_route=\/wp\/v2\/pages\/1417\/revisions"}],"predecessor-version":[{"id":2571,"href":"https:\/\/kolokolovec.pionyr.cz\/index.php?rest_route=\/wp\/v2\/pages\/1417\/revisions\/2571"}],"up":[{"embeddable":true,"href":"https:\/\/kolokolovec.pionyr.cz\/index.php?rest_route=\/wp\/v2\/pages\/1401"}],"wp:attachment":[{"href":"https:\/\/kolokolovec.pionyr.cz\/index.php?rest_route=%2Fwp%2Fv2%2Fmedia&parent=1417"}],"curies":[{"name":"wp","href":"https:\/\/api.w.org\/{rel}","templated":true}]}}