{"id":1451,"date":"2014-09-28T11:55:01","date_gmt":"2014-09-28T10:55:01","guid":{"rendered":"http:\/\/zsjak.novestraseci.info\/?page_id=1451"},"modified":"2020-01-04T15:33:23","modified_gmt":"2020-01-04T14:33:23","slug":"martin-cejp","status":"publish","type":"page","link":"https:\/\/kolokolovec.pionyr.cz\/?page_id=1451","title":{"rendered":"Martin Cejp *1974"},"content":{"rendered":"<p align=\"left\">Funkce v Pion\u00fdru:\u00a0sv\u00e9 vedouc\u00ed m\u00edsto p\u0159enechal Ondrovi, te\u010f si u\u017e\u00edv\u00e1 volno, p\u0159\u00edpadn\u011b rad\u00ed a rad\u00ed \ud83d\ude42\u00a0<img loading=\"lazy\" decoding=\"async\" class=\"alignright size-medium wp-image-2095\" src=\"http:\/\/kolokolovec.pionyr.cz\/wp-content\/uploads\/2014\/09\/kredenc-e1457770512855-225x300.jpg\" alt=\"kredenc\" width=\"225\" height=\"300\" srcset=\"https:\/\/kolokolovec.pionyr.cz\/wp-content\/uploads\/2014\/09\/kredenc-e1457770512855-225x300.jpg 225w, https:\/\/kolokolovec.pionyr.cz\/wp-content\/uploads\/2014\/09\/kredenc-e1457770512855-768x1024.jpg 768w, https:\/\/kolokolovec.pionyr.cz\/wp-content\/uploads\/2014\/09\/kredenc-e1457770512855.jpg 1944w\" sizes=\"(max-width: 225px) 100vw, 225px\" \/><\/p>\n<p align=\"left\">Obl\u00edben\u00e1 \u010dinnost: turistika, cykloturistika, \u017eeleznice<\/p>\n<p align=\"left\">Obl\u00edben\u00e9 zv\u00ed\u0159e: &#8211;<\/p>\n<p align=\"left\">Motto:\u00a0voj\u00e1k se star\u00e1, voj\u00e1k m\u00e1<\/p>\n","protected":false},"excerpt":{"rendered":"<p>Funkce v Pion\u00fdru:\u00a0sv\u00e9 vedouc\u00ed m\u00edsto p\u0159enechal Ondrovi, te\u010f si u\u017e\u00edv\u00e1 volno, p\u0159\u00edpadn\u011b rad\u00ed a rad\u00ed \ud83d\ude42\u00a0 Obl\u00edben\u00e1 \u010dinnost: turistika, cykloturistika, \u017eeleznice Obl\u00edben\u00e9 zv\u00ed\u0159e: &#8211; Motto:\u00a0voj\u00e1k se star\u00e1, voj\u00e1k m\u00e1<\/p>\n","protected":false},"author":2,"featured_media":0,"parent":1401,"menu_order":0,"comment_status":"closed","ping_status":"closed","template":"","meta":{"footnotes":""},"class_list":["post-1451","page","type-page","status-publish","hentry"],"_links":{"self":[{"href":"https:\/\/kolokolovec.pionyr.cz\/index.php?rest_route=\/wp\/v2\/pages\/1451"}],"collection":[{"href":"https:\/\/kolokolovec.pionyr.cz\/index.php?rest_route=\/wp\/v2\/pages"}],"about":[{"href":"https:\/\/kolokolovec.pionyr.cz\/index.php?rest_route=\/wp\/v2\/types\/page"}],"author":[{"embeddable":true,"href":"https:\/\/kolokolovec.pionyr.cz\/index.php?rest_route=\/wp\/v2\/users\/2"}],"replies":[{"embeddable":true,"href":"https:\/\/kolokolovec.pionyr.cz\/index.php?rest_route=%2Fwp%2Fv2%2Fcomments&post=1451"}],"version-history":[{"count":3,"href":"https:\/\/kolokolovec.pionyr.cz\/index.php?rest_route=\/wp\/v2\/pages\/1451\/revisions"}],"predecessor-version":[{"id":2603,"href":"https:\/\/kolokolovec.pionyr.cz\/index.php?rest_route=\/wp\/v2\/pages\/1451\/revisions\/2603"}],"up":[{"embeddable":true,"href":"https:\/\/kolokolovec.pionyr.cz\/index.php?rest_route=\/wp\/v2\/pages\/1401"}],"wp:attachment":[{"href":"https:\/\/kolokolovec.pionyr.cz\/index.php?rest_route=%2Fwp%2Fv2%2Fmedia&parent=1451"}],"curies":[{"name":"wp","href":"https:\/\/api.w.org\/{rel}","templated":true}]}}