{"id":1457,"date":"2014-09-28T11:59:57","date_gmt":"2014-09-28T10:59:57","guid":{"rendered":"http:\/\/zsjak.novestraseci.info\/?page_id=1457"},"modified":"2020-01-02T18:44:46","modified_gmt":"2020-01-02T17:44:46","slug":"magdalena-hergetova-1969","status":"publish","type":"page","link":"https:\/\/kolokolovec.pionyr.cz\/?page_id=1457","title":{"rendered":"Magdalena Hergetov\u00e1 *1969"},"content":{"rendered":"<p>Funkce v Pion\u00fdru: Hospod\u00e1\u0159 PS<img loading=\"lazy\" decoding=\"async\" class=\"alignright size-medium wp-image-1536\" src=\"http:\/\/kolokolovec.pionyr.cz\/wp-content\/uploads\/2014\/09\/magdi2-225x300.jpg\" alt=\"magdi2\" width=\"225\" height=\"300\" srcset=\"https:\/\/kolokolovec.pionyr.cz\/wp-content\/uploads\/2014\/09\/magdi2-225x300.jpg 225w, https:\/\/kolokolovec.pionyr.cz\/wp-content\/uploads\/2014\/09\/magdi2.jpg 525w\" sizes=\"(max-width: 225px) 100vw, 225px\" \/><\/p>\n<p>Obl\u00edben\u00e1 \u010dinnost: koch\u00e1n\u00ed se p\u0159\u00edrodou<\/p>\n<p>Obl\u00edben\u00e9 zv\u00ed\u0159e: pes, ko\u010dka<\/p>\n<p>Motto: Jak se chov\u00e1m k ostatn\u00edm, tak se chovaj\u00ed oni ke mn\u011b.<\/p>\n","protected":false},"excerpt":{"rendered":"<p>Funkce v Pion\u00fdru: Hospod\u00e1\u0159 PS Obl\u00edben\u00e1 \u010dinnost: koch\u00e1n\u00ed se p\u0159\u00edrodou Obl\u00edben\u00e9 zv\u00ed\u0159e: pes, ko\u010dka Motto: Jak se chov\u00e1m k ostatn\u00edm, tak se chovaj\u00ed oni ke mn\u011b.<\/p>\n","protected":false},"author":2,"featured_media":0,"parent":1401,"menu_order":0,"comment_status":"closed","ping_status":"closed","template":"","meta":{"footnotes":""},"class_list":["post-1457","page","type-page","status-publish","hentry"],"_links":{"self":[{"href":"https:\/\/kolokolovec.pionyr.cz\/index.php?rest_route=\/wp\/v2\/pages\/1457"}],"collection":[{"href":"https:\/\/kolokolovec.pionyr.cz\/index.php?rest_route=\/wp\/v2\/pages"}],"about":[{"href":"https:\/\/kolokolovec.pionyr.cz\/index.php?rest_route=\/wp\/v2\/types\/page"}],"author":[{"embeddable":true,"href":"https:\/\/kolokolovec.pionyr.cz\/index.php?rest_route=\/wp\/v2\/users\/2"}],"replies":[{"embeddable":true,"href":"https:\/\/kolokolovec.pionyr.cz\/index.php?rest_route=%2Fwp%2Fv2%2Fcomments&post=1457"}],"version-history":[{"count":7,"href":"https:\/\/kolokolovec.pionyr.cz\/index.php?rest_route=\/wp\/v2\/pages\/1457\/revisions"}],"predecessor-version":[{"id":2566,"href":"https:\/\/kolokolovec.pionyr.cz\/index.php?rest_route=\/wp\/v2\/pages\/1457\/revisions\/2566"}],"up":[{"embeddable":true,"href":"https:\/\/kolokolovec.pionyr.cz\/index.php?rest_route=\/wp\/v2\/pages\/1401"}],"wp:attachment":[{"href":"https:\/\/kolokolovec.pionyr.cz\/index.php?rest_route=%2Fwp%2Fv2%2Fmedia&parent=1457"}],"curies":[{"name":"wp","href":"https:\/\/api.w.org\/{rel}","templated":true}]}}