{"id":1497,"date":"2014-09-30T19:53:33","date_gmt":"2014-09-30T18:53:33","guid":{"rendered":"http:\/\/zsjak.novestraseci.info\/?page_id=1492"},"modified":"2026-02-23T19:32:40","modified_gmt":"2026-02-23T18:32:40","slug":"formulare","status":"publish","type":"page","link":"https:\/\/kolokolovec.pionyr.cz\/?page_id=1497","title":{"rendered":"P\u0159ihla\u0161ovna"},"content":{"rendered":"<p>Chcete dost\u00e1vat upozorn\u011bn\u00ed na na\u0161e akce? P\u0159ihla\u0161te se <a href=\"https:\/\/docs.google.com\/forms\/d\/1bmPX4X6VKV_q6BwrL7ihKgngLxFAwHVoiBqXEqroVWc\/viewform?usp=send_form\" target=\"_blank\" rel=\"noopener noreferrer\">zde<\/a><\/p>\n<p>\u017d\u00e1dost o p\u0159ihl\u00e1\u0161ku na <strong>T\u00e1bor<\/strong> <a href=\"https:\/\/docs.google.com\/forms\/d\/1u0Uzgo6UvF0Qvh6Gksy86lVDh9ZzPAev8oBPuB3at7E\/viewform\" target=\"_blank\" rel=\"noopener noreferrer\">zde\u00a0<\/a><\/p>\n<p>P\u0159ihl\u00e1\u0161ka na <strong>Velkej vandr<\/strong> <a href=\"https:\/\/docs.google.com\/forms\/d\/e\/1FAIpQLScrnuMM2rnenIQ4UCAtgrkIbVYF3ObZBoakDyTru_3ng20Zvg\/viewform?usp=sf_link\" target=\"_blank\" rel=\"noopener noreferrer\">zde<\/a><\/p>\n<p>P\u0159ihl\u00e1\u0161ka na <strong>V\u00edkendovku 13+<\/strong> <a href=\"https:\/\/docs.google.com\/forms\/d\/e\/1FAIpQLSeZ1Cw_nPP2oz0CuvdCoMIomXA_8YSFcIkAPPusFn7tCUrwjA\/viewform?usp=sf_link\" target=\"_blank\" rel=\"noopener noreferrer\">zde<\/a><\/p>\n<p>P\u0159ihl\u00e1\u0161ka na <strong>P\u0159\u00edm\u011bstsk\u00fd t\u00e1bor<\/strong> <a href=\"https:\/\/forms.gle\/FkNMtHD39KfWC9tv6\">zde<\/a><\/p>\n<p>P\u0159ihl\u00e1\u0161ka na <strong>V\u00edkendovku na Zelen\u00e9 Lhot\u011b<\/strong> <a href=\"https:\/\/docs.google.com\/forms\/d\/18aKK9rZmR0BRfUQAbYOEKAuFmtHJGKyfo7A6fyk7F_E\/viewform\" target=\"_blank\" rel=\"noopener noreferrer\">zde<\/a><\/p>\n<p>P\u0159ihl\u00e1\u0161ka na V\u00edkendovku <strong>na S\u00e1dku<\/strong> <a href=\"https:\/\/docs.google.com\/forms\/d\/e\/1FAIpQLScWC9NH4WMLghA66jQrSpOt_QKRJcNqCV4hfu84-QDGST5HvA\/viewform?usp=sf_link\">zde<\/a><\/p>\n<p><strong><span style=\"color: #ff0000;\">Pokud jsi zde nena\u0161el\/\u0161la svoji akci, nev\u00e1hej zkontaktovat Martinu &#8222;Bor\u016fvku&#8220; Bozd\u011bchovou, tel. 723 800 629, email: borovnice@centrum.cz<\/span><\/strong><\/p>\n<p>&nbsp;<\/p>\n<p>&nbsp;<\/p>\n<p>&nbsp;<\/p>\n<p>&nbsp;<\/p>\n","protected":false},"excerpt":{"rendered":"<p>Chcete dost\u00e1vat upozorn\u011bn\u00ed na na\u0161e akce? P\u0159ihla\u0161te se zde \u017d\u00e1dost o p\u0159ihl\u00e1\u0161ku na T\u00e1bor zde\u00a0 P\u0159ihl\u00e1\u0161ka na Velkej vandr zde P\u0159ihl\u00e1\u0161ka na V\u00edkendovku 13+ zde P\u0159ihl\u00e1\u0161ka na P\u0159\u00edm\u011bstsk\u00fd t\u00e1bor zde P\u0159ihl\u00e1\u0161ka na V\u00edkendovku na Zelen\u00e9 Lhot\u011b zde P\u0159ihl\u00e1\u0161ka na V\u00edkendovku &hellip; <a href=\"https:\/\/kolokolovec.pionyr.cz\/?page_id=1497\">Cel\u00fd p\u0159\u00edsp\u011bvek <span class=\"meta-nav\">&rarr;<\/span><\/a><\/p>\n","protected":false},"author":2,"featured_media":0,"parent":0,"menu_order":0,"comment_status":"closed","ping_status":"closed","template":"","meta":{"footnotes":""},"class_list":["post-1497","page","type-page","status-publish","hentry"],"_links":{"self":[{"href":"https:\/\/kolokolovec.pionyr.cz\/index.php?rest_route=\/wp\/v2\/pages\/1497"}],"collection":[{"href":"https:\/\/kolokolovec.pionyr.cz\/index.php?rest_route=\/wp\/v2\/pages"}],"about":[{"href":"https:\/\/kolokolovec.pionyr.cz\/index.php?rest_route=\/wp\/v2\/types\/page"}],"author":[{"embeddable":true,"href":"https:\/\/kolokolovec.pionyr.cz\/index.php?rest_route=\/wp\/v2\/users\/2"}],"replies":[{"embeddable":true,"href":"https:\/\/kolokolovec.pionyr.cz\/index.php?rest_route=%2Fwp%2Fv2%2Fcomments&post=1497"}],"version-history":[{"count":35,"href":"https:\/\/kolokolovec.pionyr.cz\/index.php?rest_route=\/wp\/v2\/pages\/1497\/revisions"}],"predecessor-version":[{"id":3578,"href":"https:\/\/kolokolovec.pionyr.cz\/index.php?rest_route=\/wp\/v2\/pages\/1497\/revisions\/3578"}],"wp:attachment":[{"href":"https:\/\/kolokolovec.pionyr.cz\/index.php?rest_route=%2Fwp%2Fv2%2Fmedia&parent=1497"}],"curies":[{"name":"wp","href":"https:\/\/api.w.org\/{rel}","templated":true}]}}