{"id":1921,"date":"2015-09-23T22:08:09","date_gmt":"2015-09-23T21:08:09","guid":{"rendered":"http:\/\/kolokolovec.pionyr.cz\/?page_id=1921"},"modified":"2020-01-06T20:33:47","modified_gmt":"2020-01-06T19:33:47","slug":"dalsi-akce","status":"publish","type":"page","link":"https:\/\/kolokolovec.pionyr.cz\/?page_id=1921","title":{"rendered":"Dal\u0161\u00ed akce jaro"},"content":{"rendered":"<h2><span style=\"color: #ff0000;\"><strong>LEDOV\u00c1 PRAHA<img loading=\"lazy\" decoding=\"async\" class=\"alignright size-thumbnail wp-image-1587\" src=\"http:\/\/kolokolovec.pionyr.cz\/wp-content\/uploads\/2014\/11\/LEDOVA-PRAHA-150x150.png\" alt=\"\" width=\"150\" height=\"150\" \/><\/strong><\/span><\/h2>\n<p><span style=\"text-decoration: underline;\"><em>M\u00edsto:<\/em><\/span>\u00a0Praha<br \/>\n<em><span style=\"text-decoration: underline;\">Term\u00edn:<\/span><\/em>\u00a031. 1. &#8211; 2. 2. 2020<br \/>\n<span style=\"text-decoration: underline;\"><em>Cena:<\/em><\/span>\u00a0900,- K\u010d.- K\u010d<\/p>\n<h2><span style=\"color: #ff0000;\"><strong>ZA\u017dEHNUT\u00cd OHN\u011a KU P\u0158\u00cdLE\u017dITOSTI 30 LET SAMOSTATN\u00c9HO PION\u00ddRA<\/strong><\/span><\/h2>\n<p><span style=\"text-decoration: underline;\"><em>M\u00edsto:<\/em><\/span>\u00a0koupali\u0161t\u011b Kolove\u010d<br \/>\n<em><span style=\"text-decoration: underline;\">Term\u00edn:<\/span><\/em>\u00a021. 3. 2020<br \/>\n<span style=\"text-decoration: underline;\"><em>\u010cas:<\/em><\/span>\u00a016:00 hod<\/p>\n<p>&nbsp;<\/p>\n<p>&nbsp;<\/p>\n<h2><strong><span style=\"color: #ff0000;\">V\u00cdKENDOVKA 14+<\/span><img loading=\"lazy\" decoding=\"async\" class=\"alignright size-thumbnail wp-image-2382\" src=\"http:\/\/kolokolovec.pionyr.cz\/wp-content\/uploads\/2015\/09\/14--150x150.jpg\" alt=\"14+\" width=\"150\" height=\"150\" \/><\/strong><\/h2>\n<p><em>Kdy?\u00a027. &#8211; 29. 3. 2020<\/em><br \/>\n<em>Co v\u00e1s \u010dek\u00e1?<\/em> \u00a0nezapomenuteln\u00e9 z\u00e1\u017eitky \ud83d\ude42<br \/>\n<em>cena:<\/em> 300,- K\u010d<\/p>\n<p>&nbsp;<\/p>\n<p>&nbsp;<\/p>\n<h2><strong><span style=\"color: #ff0000;\">PEVNOST BOYARD\u00a0<img loading=\"lazy\" decoding=\"async\" class=\"alignright size-thumbnail wp-image-1983\" src=\"http:\/\/kolokolovec.pionyr.cz\/wp-content\/uploads\/2015\/09\/pevnost-boyard2-150x150.jpg\" alt=\"pevnost boyard2\" width=\"150\" height=\"150\" srcset=\"https:\/\/kolokolovec.pionyr.cz\/wp-content\/uploads\/2015\/09\/pevnost-boyard2-150x150.jpg 150w, https:\/\/kolokolovec.pionyr.cz\/wp-content\/uploads\/2015\/09\/pevnost-boyard2.jpg 300w\" sizes=\"(max-width: 150px) 100vw, 150px\" \/><\/span><\/strong><\/h2>\n<p><span style=\"text-decoration: underline;\"><em>M\u00edsto:<\/em><\/span>\u00a0turistick\u00e1 chata Jit\u0159enka na Zelen\u00e9 Lhot\u011b<br \/>\n<em><span style=\"text-decoration: underline;\">Term\u00edn:<\/span><\/em>\u00a022. &#8211; 24. 5. 2020<br \/>\n<span style=\"text-decoration: underline;\"><em>Cena:<\/em><\/span>\u00a0600.- K\u010d<br \/>\n<em><span style=\"text-decoration: underline;\">Stravov\u00e1n\u00ed:<\/span><\/em> j\u00eddlo je zaji\u0161t\u011bno od sobotn\u00ed sn\u00eddan\u011b do ned\u011bln\u00ed odpoledn\u00ed sva\u010diny, p\u00e1te\u010dn\u00ed ve\u010de\u0159i s sebou!!<br \/>\n<span style=\"text-decoration: underline;\"><em>Ubytov\u00e1n\u00ed:<\/em><\/span> ubytovna s teplou vodou, palandy, elektrick\u00e9 topen\u00ed a krb<\/p>\n<p><span style=\"color: #0000ff;\">P\u0159ihl\u00e1\u0161ky u Bor\u016fvky nebo v Z\u0160 Kolove\u010d u p\u00ed u\u010d. Mirky Karbanov\u00e9 (dru\u017eina)<\/span><\/p>\n<p>&nbsp;<\/p>\n<h2><span style=\"color: #ff0000;\"><strong>RESET 2020<\/strong><\/span><\/h2>\n<p><span style=\"text-decoration: underline;\"><em>M\u00edsto:<\/em><\/span>\u00a0Brno<br \/>\n<em><span style=\"text-decoration: underline;\">Term\u00edn:<\/span><\/em>\u00a05. &#8211; 7. 6. 2020<br \/>\n<span style=\"text-decoration: underline;\"><em>Cena:<\/em><\/span>\u00a0330,- K\u010d + doprava<\/p>\n<p>dal\u0161\u00ed informace v\u010das p\u0159ed akc\u00ed<\/p>\n<p>&nbsp;<\/p>\n<h2><span style=\"color: #ff0000;\"><strong>CESTY ZA KE\u0160KAMA<img loading=\"lazy\" decoding=\"async\" class=\"alignright size-thumbnail wp-image-2379\" src=\"http:\/\/kolokolovec.pionyr.cz\/wp-content\/uploads\/2015\/09\/turista-e1515609289303-150x150.jpg\" alt=\"turista\" width=\"150\" height=\"150\" srcset=\"https:\/\/kolokolovec.pionyr.cz\/wp-content\/uploads\/2015\/09\/turista-e1515609289303-150x150.jpg 150w, https:\/\/kolokolovec.pionyr.cz\/wp-content\/uploads\/2015\/09\/turista-e1515609289303.jpg 225w\" sizes=\"(max-width: 150px) 100vw, 150px\" \/><\/strong><\/span><\/h2>\n<h2><\/h2>\n<h2><\/h2>\n<p>bude up\u0159esn\u011bno duben &#8211; kv\u011bten<\/p>\n<p>&nbsp;<\/p>\n<p>&nbsp;<\/p>\n<h2><span style=\"color: #ff0000;\"><strong>LETN\u00cd T\u00c1BOR \u00a0<em>Na t\u00e9ma: STAR\u00c9 POV\u011aSTI \u010cESK\u00c9<\/em><\/strong><\/span><\/h2>\n<p><em>term\u00edn:<\/em>\u00a05. &#8211; 18. 7. 2020<br \/>\n<em>cena:<\/em>\u00a0 3400,-K\u010d<br \/>\n<em>ubytov\u00e1n\u00ed:<\/em> stany s\u00a0podsadou<br \/>\n<em>stravov\u00e1n\u00ed:<\/em> poln\u00ed kuchyn\u011b,\u00a0\u00a0 5x denn\u011b strava &#8211; sn\u00eddan\u011b, sva\u010dina, ob\u011bd, sva\u010dina, ve\u010de\u0159e<\/p>\n<p><span style=\"color: #ff6600;\"><span style=\"color: #0000ff;\">P\u0159ihl\u00e1\u0161ky od\u00a0\u00fanora u Bor\u016fvky, tel. 723 800 629,<\/span>\u00a0<a href=\"mailto:borovnice@centrum.cz\">borovnice@centrum.cz<\/a><\/span><\/p>\n<p><em>\u00a0<\/em><\/p>\n","protected":false},"excerpt":{"rendered":"<p>LEDOV\u00c1 PRAHA M\u00edsto:\u00a0Praha Term\u00edn:\u00a031. 1. &#8211; 2. 2. 2020 Cena:\u00a0900,- K\u010d.- K\u010d ZA\u017dEHNUT\u00cd OHN\u011a KU P\u0158\u00cdLE\u017dITOSTI 30 LET SAMOSTATN\u00c9HO PION\u00ddRA M\u00edsto:\u00a0koupali\u0161t\u011b Kolove\u010d Term\u00edn:\u00a021. 3. 2020 \u010cas:\u00a016:00 hod &nbsp; &nbsp; V\u00cdKENDOVKA 14+ Kdy?\u00a027. &#8211; 29. 3. 2020 Co v\u00e1s \u010dek\u00e1? \u00a0nezapomenuteln\u00e9 &hellip; <a href=\"https:\/\/kolokolovec.pionyr.cz\/?page_id=1921\">Cel\u00fd p\u0159\u00edsp\u011bvek <span class=\"meta-nav\">&rarr;<\/span><\/a><\/p>\n","protected":false},"author":2,"featured_media":0,"parent":1319,"menu_order":3,"comment_status":"closed","ping_status":"open","template":"","meta":{"footnotes":""},"class_list":["post-1921","page","type-page","status-publish","hentry"],"_links":{"self":[{"href":"https:\/\/kolokolovec.pionyr.cz\/index.php?rest_route=\/wp\/v2\/pages\/1921"}],"collection":[{"href":"https:\/\/kolokolovec.pionyr.cz\/index.php?rest_route=\/wp\/v2\/pages"}],"about":[{"href":"https:\/\/kolokolovec.pionyr.cz\/index.php?rest_route=\/wp\/v2\/types\/page"}],"author":[{"embeddable":true,"href":"https:\/\/kolokolovec.pionyr.cz\/index.php?rest_route=\/wp\/v2\/users\/2"}],"replies":[{"embeddable":true,"href":"https:\/\/kolokolovec.pionyr.cz\/index.php?rest_route=%2Fwp%2Fv2%2Fcomments&post=1921"}],"version-history":[{"count":20,"href":"https:\/\/kolokolovec.pionyr.cz\/index.php?rest_route=\/wp\/v2\/pages\/1921\/revisions"}],"predecessor-version":[{"id":2630,"href":"https:\/\/kolokolovec.pionyr.cz\/index.php?rest_route=\/wp\/v2\/pages\/1921\/revisions\/2630"}],"up":[{"embeddable":true,"href":"https:\/\/kolokolovec.pionyr.cz\/index.php?rest_route=\/wp\/v2\/pages\/1319"}],"wp:attachment":[{"href":"https:\/\/kolokolovec.pionyr.cz\/index.php?rest_route=%2Fwp%2Fv2%2Fmedia&parent=1921"}],"curies":[{"name":"wp","href":"https:\/\/api.w.org\/{rel}","templated":true}]}}