{"id":2052,"date":"2016-03-04T20:25:08","date_gmt":"2016-03-04T19:25:08","guid":{"rendered":"http:\/\/kolokolovec.pionyr.cz\/?page_id=2052"},"modified":"2026-01-09T16:07:48","modified_gmt":"2026-01-09T15:07:48","slug":"tabor","status":"publish","type":"page","link":"https:\/\/kolokolovec.pionyr.cz\/?page_id=2052","title":{"rendered":"T\u00e1bor"},"content":{"rendered":"<p>\u017d\u00e1dost o p\u0159ihl\u00e1\u0161ku na t\u00e1bor <a href=\"https:\/\/docs.google.com\/forms\/d\/1u0Uzgo6UvF0Qvh6Gksy86lVDh9ZzPAev8oBPuB3at7E\/viewform\" target=\"_blank\" rel=\"noopener noreferrer\">zde<\/a><\/p>\n<p><span style=\"color: #ff0000;\">Zapi\u0161 se v\u00fd\u0161e o \u017e\u00e1dost a pap\u00edrovou p\u0159ihl\u00e1\u0161ku ti po\u0161leme koncem \u00fanora a pozd\u011bji. Nemus\u00ed\u0161 se ob\u00e1vat.<\/span><\/p>\n<p><strong>T\u00c1BOR<\/strong><br \/>\n14 dn\u00ed pln\u00fdch her a v\u00fdlet\u016f, ve\u0161ker\u00fd \u010das str\u00e1ven\u00fd v p\u0159\u00edrod\u011b, span\u00ed v podsad\u00e1ch, zp\u00edv\u00e1n\u00ed u ohn\u011b a mnoho nezapomenuteln\u00fdch z\u00e1\u017eitk\u016f.<br \/>\nTerm\u00edn: 5. &#8211; 18. \u010dervence 2026<br \/>\nT\u00e9ma: L\u00e9to s kovbojem<\/p>\n<p><img loading=\"lazy\" decoding=\"async\" class=\"alignleft wp-image-3513 size-large\" src=\"http:\/\/kolokolovec.pionyr.cz\/wp-content\/uploads\/2026\/01\/A4_plakat_Leto_sKovbojem2_oficialni-1-724x1024.jpg\" alt=\"\" width=\"640\" height=\"905\" srcset=\"https:\/\/kolokolovec.pionyr.cz\/wp-content\/uploads\/2026\/01\/A4_plakat_Leto_sKovbojem2_oficialni-1-724x1024.jpg 724w, https:\/\/kolokolovec.pionyr.cz\/wp-content\/uploads\/2026\/01\/A4_plakat_Leto_sKovbojem2_oficialni-1-212x300.jpg 212w, https:\/\/kolokolovec.pionyr.cz\/wp-content\/uploads\/2026\/01\/A4_plakat_Leto_sKovbojem2_oficialni-1-768x1087.jpg 768w, https:\/\/kolokolovec.pionyr.cz\/wp-content\/uploads\/2026\/01\/A4_plakat_Leto_sKovbojem2_oficialni-1-1086x1536.jpg 1086w, https:\/\/kolokolovec.pionyr.cz\/wp-content\/uploads\/2026\/01\/A4_plakat_Leto_sKovbojem2_oficialni-1-1448x2048.jpg 1448w, https:\/\/kolokolovec.pionyr.cz\/wp-content\/uploads\/2026\/01\/A4_plakat_Leto_sKovbojem2_oficialni-1.jpg 1683w\" sizes=\"(max-width: 640px) 100vw, 640px\" \/><\/p>\n<p>&nbsp;<\/p>\n<p>&nbsp;<\/p>\n<p>&nbsp;<\/p>\n<p>&nbsp;<\/p>\n<p>&nbsp;<\/p>\n<p>&nbsp;<\/p>\n","protected":false},"excerpt":{"rendered":"<p>\u017d\u00e1dost o p\u0159ihl\u00e1\u0161ku na t\u00e1bor zde Zapi\u0161 se v\u00fd\u0161e o \u017e\u00e1dost a pap\u00edrovou p\u0159ihl\u00e1\u0161ku ti po\u0161leme koncem \u00fanora a pozd\u011bji. Nemus\u00ed\u0161 se ob\u00e1vat. T\u00c1BOR 14 dn\u00ed pln\u00fdch her a v\u00fdlet\u016f, ve\u0161ker\u00fd \u010das str\u00e1ven\u00fd v p\u0159\u00edrod\u011b, span\u00ed v podsad\u00e1ch, zp\u00edv\u00e1n\u00ed u &hellip; <a href=\"https:\/\/kolokolovec.pionyr.cz\/?page_id=2052\">Cel\u00fd p\u0159\u00edsp\u011bvek <span class=\"meta-nav\">&rarr;<\/span><\/a><\/p>\n","protected":false},"author":2,"featured_media":0,"parent":0,"menu_order":0,"comment_status":"closed","ping_status":"open","template":"","meta":{"footnotes":""},"class_list":["post-2052","page","type-page","status-publish","hentry"],"_links":{"self":[{"href":"https:\/\/kolokolovec.pionyr.cz\/index.php?rest_route=\/wp\/v2\/pages\/2052"}],"collection":[{"href":"https:\/\/kolokolovec.pionyr.cz\/index.php?rest_route=\/wp\/v2\/pages"}],"about":[{"href":"https:\/\/kolokolovec.pionyr.cz\/index.php?rest_route=\/wp\/v2\/types\/page"}],"author":[{"embeddable":true,"href":"https:\/\/kolokolovec.pionyr.cz\/index.php?rest_route=\/wp\/v2\/users\/2"}],"replies":[{"embeddable":true,"href":"https:\/\/kolokolovec.pionyr.cz\/index.php?rest_route=%2Fwp%2Fv2%2Fcomments&post=2052"}],"version-history":[{"count":29,"href":"https:\/\/kolokolovec.pionyr.cz\/index.php?rest_route=\/wp\/v2\/pages\/2052\/revisions"}],"predecessor-version":[{"id":3514,"href":"https:\/\/kolokolovec.pionyr.cz\/index.php?rest_route=\/wp\/v2\/pages\/2052\/revisions\/3514"}],"wp:attachment":[{"href":"https:\/\/kolokolovec.pionyr.cz\/index.php?rest_route=%2Fwp%2Fv2%2Fmedia&parent=2052"}],"curies":[{"name":"wp","href":"https:\/\/api.w.org\/{rel}","templated":true}]}}