{"id":2061,"date":"2016-03-04T21:12:56","date_gmt":"2016-03-04T20:12:56","guid":{"rendered":"http:\/\/kolokolovec.pionyr.cz\/?page_id=2061"},"modified":"2026-01-09T16:09:22","modified_gmt":"2026-01-09T15:09:22","slug":"zakladni-udaje","status":"publish","type":"page","link":"https:\/\/kolokolovec.pionyr.cz\/?page_id=2061","title":{"rendered":"Z\u00e1kladn\u00ed \u00fadaje"},"content":{"rendered":"<p><em>Po\u0159adatel:<\/em> \u00a0\u00a0\u00a0\u00a0\u00a0\u00a0\u00a0\u00a0\u00a0\u00a0\u00a0\u00a0\u00a0\u00a0\u00a0\u00a0 Pion\u00fdr, z. s. &#8211; Pion\u00fdrsk\u00e1 skupina Kolo Kolove\u010d<br \/>\n<em>Hlavn\u00ed vedouc\u00ed:<\/em>\u00a0 \u00a0 \u00a0 \u00a0\u00a0Bc. Ond\u0159ej\u00a0Hammerschick<br \/>\n<em>M\u00edsto:<\/em> \u00a0\u00a0\u00a0\u00a0\u00a0\u00a0\u00a0\u00a0\u00a0\u00a0\u00a0\u00a0\u00a0\u00a0\u00a0\u00a0\u00a0\u00a0\u00a0\u00a0\u00a0\u00a0\u00a0 Nemanice (CHKO \u010cesk\u00fd Les, b\u00fdval\u00fd L\u00edskovec)<br \/>\n<strong><em>Term\u00edn:\u00a0 \u00a0 \u00a0 \u00a0 \u00a0 \u00a0 \u00a0 \u00a0 \u00a0 5. &#8211; 18. \u010dervence 2026<\/em><\/strong><strong><br \/>\n<\/strong><em>P\u0159\u00edjezd na t\u00e1bor:<\/em>\u00a0 \u00a0 \u00a0 rodi\u010de si zajist\u00ed sami.<br \/>\n<strong><em>N\u00e1vrat:<\/em><\/strong><strong>\u00a0 \u00a0 \u00a0 \u00a0 \u00a0 \u00a0 \u00a0 \u00a0 \u00a0 \u00a0 18. 7. kolem 14:00 hod spole\u010dn\u011b autobusem do<br \/>\n<\/strong><strong>\u00a0 \u00a0 \u00a0 \u00a0 \u00a0 \u00a0 \u00a0 \u00a0 \u00a0 \u00a0 \u00a0 \u00a0 \u00a0 \u00a0 \u00a0 \u00a0 \u00a0 \u00a0 Kolov\u010de k z\u00e1kladn\u00ed \u0161kole<br \/>\n<\/strong><em>D\u00e9lka t\u00e1bora:\u00a0\u00a0\u00a0\u00a0\u00a0\u00a0\u00a0\u00a0\u00a0\u00a0\u00a0\u00a0<\/em>13 dn\u00ed<br \/>\n<em>Cena t\u00e1bora:<\/em> \u00a0\u00a0\u00a0\u00a0\u00a0\u00a0\u00a0\u00a0\u00a0\u00a0\u00a0\u00a0 <strong>4 100,- K\u010d<br \/>\n<\/strong><em>\u00dahrada: \u00a0\u00a0\u00a0\u00a0\u00a0\u00a0\u00a0\u00a0\u00a0\u00a0\u00a0\u00a0\u00a0\u00a0\u00a0\u00a0\u00a0\u00a0\u00a0\u00a0 <\/em><strong>do 30. 5. 2026 p\u0159evodem nebo slo\u017eenkou na \u00fa\u010det \u010d\u00edslo<br \/>\n<\/strong><strong>\u00a0 \u00a0 \u00a0 \u00a0 \u00a0 \u00a0 \u00a0 \u00a0 \u00a0 \u00a0 \u00a0 \u00a0 \u00a0 \u00a0 \u00a0 \u00a0 \u00a0 \u00a0 188\u00a0635\u00a0226 \/ 0300. Variabiln\u00ed symbol je \u010d\u00edslo p\u0159ihl\u00e1\u0161ky<br \/>\n<\/strong><strong>\u00a0 \u00a0 \u00a0 \u00a0 \u00a0 \u00a0 \u00a0 \u00a0 \u00a0 \u00a0 \u00a0 \u00a0 \u00a0 \u00a0 \u00a0 \u00a0 \u00a0 \u00a0 (vypl\u0148ujte i na slo\u017eenk\u00e1ch). <\/strong>Po p\u0159edchoz\u00ed domluv\u011b lze platit<br \/>\ni hotov\u011b, p\u0159\u00edpadn\u011b vystavit fakturu.<br \/>\n<em>Druh t\u00e1bora:<\/em> \u00a0\u00a0\u00a0\u00a0\u00a0\u00a0\u00a0\u00a0\u00a0\u00a0\u00a0\u00a0 st\u00e1l\u00fd, ubytov\u00e1n\u00ed ve stanech s podsadou<\/p>\n<p><em>Adresa t\u00e1bora:\u00a0\u00a0\u00a0\u00a0\u00a0\u00a0\u00a0\u00a0\u00a0\u00a0 <\/em><strong>Letn\u00ed t\u00e1bor PS Kolo Kolove\u010d<br \/>\n<\/strong><strong>\u00a0 \u00a0 \u00a0 \u00a0 \u00a0 \u00a0 \u00a0 \u00a0 \u00a0 \u00a0 \u00a0 \u00a0 \u00a0 \u00a0 \u00a0 \u00a0 \u00a0 \u00a0 \u00a0Jm\u00e9no a p\u0159\u00edjmen\u00ed <\/strong>(Tom\u00e1\u0161 Nov\u00e1k)<br \/>\n<strong>\u00a0 \u00a0 \u00a0 \u00a0 \u00a0 \u00a0 \u00a0 \u00a0 \u00a0 \u00a0 \u00a0 \u00a0 \u00a0 \u00a0 \u00a0 \u00a0 \u00a0 \u00a0 \u00a0Nemanice &#8211; L\u00edskovec<br \/>\n<\/strong><strong>\u00a0 \u00a0 \u00a0 \u00a0 \u00a0 \u00a0 \u00a0 \u00a0 \u00a0 \u00a0 \u00a0 \u00a0 \u00a0 \u00a0 \u00a0 \u00a0 \u00a0 \u00a0 \u00a0344 01 Doma\u017elice<\/strong><strong><br \/>\n<\/strong><\/p>\n<p>V\u00e1\u017een\u00ed rodi\u010de!<\/p>\n<p>Po zku\u0161enostech z minul\u00fdch let jsme se rozhodli na letn\u00edm t\u00e1bo\u0159e <strong>zak\u00e1zat n\u00e1v\u0161t\u011bvy<\/strong> <strong>rodi\u010d\u016f<\/strong>. P\u0159i poru\u0161en\u00ed tohoto z\u00e1kazu budete nuceni odv\u00e9zt si sv\u00e9 d\u00edt\u011b s sebou dom\u016f.<\/p>\n<p>Ch\u00e1peme v\u0161ak va\u0161i zv\u011bdavost a proto jsme pro v\u00e1s p\u0159ipravili ji\u017e v\u00fd\u0161e zmi\u0148ovan\u00fd odvoz Va\u0161ich d\u011bt\u00ed na LPT.<\/p>\n<p><strong><em>\u00a0<\/em><\/strong><strong><em>Dal\u0161\u00ed informace o t\u00e1bo\u0159e:<\/em><\/strong><\/p>\n<p><strong>Hled\u00e1me sponzory na\u0161eho t\u00e1bora i celoro\u010dn\u00ed \u010dinnosti<\/strong>:<\/p>\n<ul>\n<li>finan\u010dn\u00ed pomoc na zaji\u0161t\u011bn\u00ed t\u00e1bora a na obnovu materi\u00e1ln\u00edho zabezpe\u010den\u00ed t\u00e1bora;<\/li>\n<li>drobn\u00e9 v\u011bcn\u00e9 ceny do sout\u011b\u017e\u00ed, propaga\u010dn\u00ed materi\u00e1ly, \u00faklidov\u00e9 prost\u0159edky, atd.<\/li>\n<\/ul>\n<p>Dal\u0161\u00ed informace a p\u0159\u00edpadn\u00e9 dotazy k\u00a0t\u00e1boru a ke sponzorstv\u00ed mo\u017eno obdr\u017eet na adrese:<\/p>\n<p>Martina Bozd\u011bchov\u00e1, Kanice 64, 345 43 Kolove\u010d, <strong>tel: 723\u00a0800\u00a0629<\/strong>, e-mail <a href=\"mailto:borovnice@centrum.cz\">borovnice@centrum.cz<\/a><\/p>\n","protected":false},"excerpt":{"rendered":"<p>Po\u0159adatel: \u00a0\u00a0\u00a0\u00a0\u00a0\u00a0\u00a0\u00a0\u00a0\u00a0\u00a0\u00a0\u00a0\u00a0\u00a0\u00a0 Pion\u00fdr, z. s. &#8211; Pion\u00fdrsk\u00e1 skupina Kolo Kolove\u010d Hlavn\u00ed vedouc\u00ed:\u00a0 \u00a0 \u00a0 \u00a0\u00a0Bc. Ond\u0159ej\u00a0Hammerschick M\u00edsto: \u00a0\u00a0\u00a0\u00a0\u00a0\u00a0\u00a0\u00a0\u00a0\u00a0\u00a0\u00a0\u00a0\u00a0\u00a0\u00a0\u00a0\u00a0\u00a0\u00a0\u00a0\u00a0\u00a0 Nemanice (CHKO \u010cesk\u00fd Les, b\u00fdval\u00fd L\u00edskovec) Term\u00edn:\u00a0 \u00a0 \u00a0 \u00a0 \u00a0 \u00a0 \u00a0 \u00a0 \u00a0 5. &#8211; 18. \u010dervence 2026 P\u0159\u00edjezd na &hellip; <a href=\"https:\/\/kolokolovec.pionyr.cz\/?page_id=2061\">Cel\u00fd p\u0159\u00edsp\u011bvek <span class=\"meta-nav\">&rarr;<\/span><\/a><\/p>\n","protected":false},"author":2,"featured_media":0,"parent":2052,"menu_order":0,"comment_status":"closed","ping_status":"open","template":"","meta":{"footnotes":""},"class_list":["post-2061","page","type-page","status-publish","hentry"],"_links":{"self":[{"href":"https:\/\/kolokolovec.pionyr.cz\/index.php?rest_route=\/wp\/v2\/pages\/2061"}],"collection":[{"href":"https:\/\/kolokolovec.pionyr.cz\/index.php?rest_route=\/wp\/v2\/pages"}],"about":[{"href":"https:\/\/kolokolovec.pionyr.cz\/index.php?rest_route=\/wp\/v2\/types\/page"}],"author":[{"embeddable":true,"href":"https:\/\/kolokolovec.pionyr.cz\/index.php?rest_route=\/wp\/v2\/users\/2"}],"replies":[{"embeddable":true,"href":"https:\/\/kolokolovec.pionyr.cz\/index.php?rest_route=%2Fwp%2Fv2%2Fcomments&post=2061"}],"version-history":[{"count":15,"href":"https:\/\/kolokolovec.pionyr.cz\/index.php?rest_route=\/wp\/v2\/pages\/2061\/revisions"}],"predecessor-version":[{"id":3515,"href":"https:\/\/kolokolovec.pionyr.cz\/index.php?rest_route=\/wp\/v2\/pages\/2061\/revisions\/3515"}],"up":[{"embeddable":true,"href":"https:\/\/kolokolovec.pionyr.cz\/index.php?rest_route=\/wp\/v2\/pages\/2052"}],"wp:attachment":[{"href":"https:\/\/kolokolovec.pionyr.cz\/index.php?rest_route=%2Fwp%2Fv2%2Fmedia&parent=2061"}],"curies":[{"name":"wp","href":"https:\/\/api.w.org\/{rel}","templated":true}]}}