{"id":2084,"date":"2016-03-05T13:07:32","date_gmt":"2016-03-05T12:07:32","guid":{"rendered":"http:\/\/kolokolovec.pionyr.cz\/?page_id=2084"},"modified":"2024-11-06T18:48:38","modified_gmt":"2024-11-06T17:48:38","slug":"prihlaska-a-pozvani","status":"publish","type":"page","link":"https:\/\/kolokolovec.pionyr.cz\/?page_id=2084","title":{"rendered":"P\u0159ihl\u00e1\u0161ka a pozv\u00e1n\u00ed"},"content":{"rendered":"<p>\u017d\u00e1dost o p\u0159ihl\u00e1\u0161ku na t\u00e1bor\u00a0<a href=\"https:\/\/docs.google.com\/forms\/d\/1u0Uzgo6UvF0Qvh6Gksy86lVDh9ZzPAev8oBPuB3at7E\/viewform\" target=\"_blank\" rel=\"noopener noreferrer\">zde<\/a><\/p>\n<p><span style=\"color: #ff0000;\">Zapi\u0161 se v\u00fd\u0161e o \u017e\u00e1dost a pap\u00edrovou p\u0159ihl\u00e1\u0161ku ti po\u0161leme koncem\u00a0b\u0159ezna a pozd\u011bji. Nemus\u00ed\u0161 se ob\u00e1vat.<\/span><\/p>\n<p>&nbsp;<\/p>\n<p>&nbsp;<\/p>\n","protected":false},"excerpt":{"rendered":"<p>\u017d\u00e1dost o p\u0159ihl\u00e1\u0161ku na t\u00e1bor\u00a0zde Zapi\u0161 se v\u00fd\u0161e o \u017e\u00e1dost a pap\u00edrovou p\u0159ihl\u00e1\u0161ku ti po\u0161leme koncem\u00a0b\u0159ezna a pozd\u011bji. Nemus\u00ed\u0161 se ob\u00e1vat. &nbsp; &nbsp;<\/p>\n","protected":false},"author":2,"featured_media":0,"parent":2052,"menu_order":0,"comment_status":"closed","ping_status":"open","template":"","meta":{"footnotes":""},"class_list":["post-2084","page","type-page","status-publish","hentry"],"_links":{"self":[{"href":"https:\/\/kolokolovec.pionyr.cz\/index.php?rest_route=\/wp\/v2\/pages\/2084"}],"collection":[{"href":"https:\/\/kolokolovec.pionyr.cz\/index.php?rest_route=\/wp\/v2\/pages"}],"about":[{"href":"https:\/\/kolokolovec.pionyr.cz\/index.php?rest_route=\/wp\/v2\/types\/page"}],"author":[{"embeddable":true,"href":"https:\/\/kolokolovec.pionyr.cz\/index.php?rest_route=\/wp\/v2\/users\/2"}],"replies":[{"embeddable":true,"href":"https:\/\/kolokolovec.pionyr.cz\/index.php?rest_route=%2Fwp%2Fv2%2Fcomments&post=2084"}],"version-history":[{"count":20,"href":"https:\/\/kolokolovec.pionyr.cz\/index.php?rest_route=\/wp\/v2\/pages\/2084\/revisions"}],"predecessor-version":[{"id":3374,"href":"https:\/\/kolokolovec.pionyr.cz\/index.php?rest_route=\/wp\/v2\/pages\/2084\/revisions\/3374"}],"up":[{"embeddable":true,"href":"https:\/\/kolokolovec.pionyr.cz\/index.php?rest_route=\/wp\/v2\/pages\/2052"}],"wp:attachment":[{"href":"https:\/\/kolokolovec.pionyr.cz\/index.php?rest_route=%2Fwp%2Fv2%2Fmedia&parent=2084"}],"curies":[{"name":"wp","href":"https:\/\/api.w.org\/{rel}","templated":true}]}}