{"id":2581,"date":"2020-01-02T19:45:38","date_gmt":"2020-01-02T18:45:38","guid":{"rendered":"http:\/\/kolokolovec.pionyr.cz\/?page_id=2581"},"modified":"2026-02-18T07:45:10","modified_gmt":"2026-02-18T06:45:10","slug":"renata-routova-2001","status":"publish","type":"page","link":"https:\/\/kolokolovec.pionyr.cz\/?page_id=2581","title":{"rendered":"Renata Routov\u00e1 *2001"},"content":{"rendered":"<p>Funkce v Pion\u00fdru: Vedouc\u00ed odd\u00edlu<\/p>\n<p>Obl\u00edben\u00e1 \u010dinnost: p\u0159\u00edprava turistick\u00fdch a v\u011bdomostn\u00edch her, zp\u011bv, lezeck\u00e9 aktivity, stavba lanov\u00fdch l\u00e1vek, va\u0159en\u00ed<\/p>\n<p>Obl\u00edben\u00e9 zv\u00ed\u0159e: lev<\/p>\n<p>Motto: Nejv\u011bt\u0161\u00edm soupe\u0159em jsme sami sob\u011b<\/p>\n<p><img loading=\"lazy\" decoding=\"async\" class=\"alignnone size-medium wp-image-3562\" src=\"http:\/\/kolokolovec.pionyr.cz\/wp-content\/uploads\/2026\/02\/att.oaGaXkjRaNzyrW-gw3S4cejwyKs8Cra1UeGdbugI0pk-300x199.jpeg\" alt=\"\" width=\"300\" height=\"199\" srcset=\"https:\/\/kolokolovec.pionyr.cz\/wp-content\/uploads\/2026\/02\/att.oaGaXkjRaNzyrW-gw3S4cejwyKs8Cra1UeGdbugI0pk-300x199.jpeg 300w, https:\/\/kolokolovec.pionyr.cz\/wp-content\/uploads\/2026\/02\/att.oaGaXkjRaNzyrW-gw3S4cejwyKs8Cra1UeGdbugI0pk-1024x678.jpeg 1024w, https:\/\/kolokolovec.pionyr.cz\/wp-content\/uploads\/2026\/02\/att.oaGaXkjRaNzyrW-gw3S4cejwyKs8Cra1UeGdbugI0pk-768x509.jpeg 768w, https:\/\/kolokolovec.pionyr.cz\/wp-content\/uploads\/2026\/02\/att.oaGaXkjRaNzyrW-gw3S4cejwyKs8Cra1UeGdbugI0pk-1536x1017.jpeg 1536w, https:\/\/kolokolovec.pionyr.cz\/wp-content\/uploads\/2026\/02\/att.oaGaXkjRaNzyrW-gw3S4cejwyKs8Cra1UeGdbugI0pk.jpeg 2048w\" sizes=\"(max-width: 300px) 100vw, 300px\" \/><\/p>\n","protected":false},"excerpt":{"rendered":"<p>Funkce v Pion\u00fdru: Vedouc\u00ed odd\u00edlu Obl\u00edben\u00e1 \u010dinnost: p\u0159\u00edprava turistick\u00fdch a v\u011bdomostn\u00edch her, zp\u011bv, lezeck\u00e9 aktivity, stavba lanov\u00fdch l\u00e1vek, va\u0159en\u00ed Obl\u00edben\u00e9 zv\u00ed\u0159e: lev Motto: Nejv\u011bt\u0161\u00edm soupe\u0159em jsme sami sob\u011b<\/p>\n","protected":false},"author":2,"featured_media":0,"parent":1401,"menu_order":0,"comment_status":"closed","ping_status":"open","template":"","meta":{"footnotes":""},"class_list":["post-2581","page","type-page","status-publish","hentry"],"_links":{"self":[{"href":"https:\/\/kolokolovec.pionyr.cz\/index.php?rest_route=\/wp\/v2\/pages\/2581"}],"collection":[{"href":"https:\/\/kolokolovec.pionyr.cz\/index.php?rest_route=\/wp\/v2\/pages"}],"about":[{"href":"https:\/\/kolokolovec.pionyr.cz\/index.php?rest_route=\/wp\/v2\/types\/page"}],"author":[{"embeddable":true,"href":"https:\/\/kolokolovec.pionyr.cz\/index.php?rest_route=\/wp\/v2\/users\/2"}],"replies":[{"embeddable":true,"href":"https:\/\/kolokolovec.pionyr.cz\/index.php?rest_route=%2Fwp%2Fv2%2Fcomments&post=2581"}],"version-history":[{"count":3,"href":"https:\/\/kolokolovec.pionyr.cz\/index.php?rest_route=\/wp\/v2\/pages\/2581\/revisions"}],"predecessor-version":[{"id":3564,"href":"https:\/\/kolokolovec.pionyr.cz\/index.php?rest_route=\/wp\/v2\/pages\/2581\/revisions\/3564"}],"up":[{"embeddable":true,"href":"https:\/\/kolokolovec.pionyr.cz\/index.php?rest_route=\/wp\/v2\/pages\/1401"}],"wp:attachment":[{"href":"https:\/\/kolokolovec.pionyr.cz\/index.php?rest_route=%2Fwp%2Fv2%2Fmedia&parent=2581"}],"curies":[{"name":"wp","href":"https:\/\/api.w.org\/{rel}","templated":true}]}}