{"id":2583,"date":"2020-01-02T19:47:28","date_gmt":"2020-01-02T18:47:28","guid":{"rendered":"http:\/\/kolokolovec.pionyr.cz\/?page_id=2583"},"modified":"2020-01-02T19:47:28","modified_gmt":"2020-01-02T18:47:28","slug":"maruska-behenska","status":"publish","type":"page","link":"https:\/\/kolokolovec.pionyr.cz\/?page_id=2583","title":{"rendered":"Maru\u0161ka Behensk\u00e1 *"},"content":{"rendered":"<p>Funkce v Pion\u00fdru: instruktor<\/p>\n<p>Obl\u00edben\u00e1 \u010dinnost: p\u0159em\u00fd\u0161len\u00ed<\/p>\n<p>Obl\u00edben\u00e9 zv\u00ed\u0159e: kr\u00e1l\u00edk<\/p>\n<p>Motto: V\u0161e \u0161patn\u00e9 je pro n\u011bco dobr\u00e9.<\/p>\n","protected":false},"excerpt":{"rendered":"<p>Funkce v Pion\u00fdru: instruktor Obl\u00edben\u00e1 \u010dinnost: p\u0159em\u00fd\u0161len\u00ed Obl\u00edben\u00e9 zv\u00ed\u0159e: kr\u00e1l\u00edk Motto: V\u0161e \u0161patn\u00e9 je pro n\u011bco dobr\u00e9.<\/p>\n","protected":false},"author":2,"featured_media":0,"parent":1401,"menu_order":0,"comment_status":"closed","ping_status":"open","template":"","meta":{"footnotes":""},"class_list":["post-2583","page","type-page","status-publish","hentry"],"_links":{"self":[{"href":"https:\/\/kolokolovec.pionyr.cz\/index.php?rest_route=\/wp\/v2\/pages\/2583"}],"collection":[{"href":"https:\/\/kolokolovec.pionyr.cz\/index.php?rest_route=\/wp\/v2\/pages"}],"about":[{"href":"https:\/\/kolokolovec.pionyr.cz\/index.php?rest_route=\/wp\/v2\/types\/page"}],"author":[{"embeddable":true,"href":"https:\/\/kolokolovec.pionyr.cz\/index.php?rest_route=\/wp\/v2\/users\/2"}],"replies":[{"embeddable":true,"href":"https:\/\/kolokolovec.pionyr.cz\/index.php?rest_route=%2Fwp%2Fv2%2Fcomments&post=2583"}],"version-history":[{"count":1,"href":"https:\/\/kolokolovec.pionyr.cz\/index.php?rest_route=\/wp\/v2\/pages\/2583\/revisions"}],"predecessor-version":[{"id":2584,"href":"https:\/\/kolokolovec.pionyr.cz\/index.php?rest_route=\/wp\/v2\/pages\/2583\/revisions\/2584"}],"up":[{"embeddable":true,"href":"https:\/\/kolokolovec.pionyr.cz\/index.php?rest_route=\/wp\/v2\/pages\/1401"}],"wp:attachment":[{"href":"https:\/\/kolokolovec.pionyr.cz\/index.php?rest_route=%2Fwp%2Fv2%2Fmedia&parent=2583"}],"curies":[{"name":"wp","href":"https:\/\/api.w.org\/{rel}","templated":true}]}}