{"id":2621,"date":"2020-01-06T20:10:43","date_gmt":"2020-01-06T19:10:43","guid":{"rendered":"http:\/\/kolokolovec.pionyr.cz\/?page_id=2621"},"modified":"2026-01-09T14:01:55","modified_gmt":"2026-01-09T13:01:55","slug":"mlady-technik","status":"publish","type":"page","link":"https:\/\/kolokolovec.pionyr.cz\/?page_id=2621","title":{"rendered":"Mal\u00fd technik"},"content":{"rendered":"<p class=\"Default\"><span style=\"color: #ff0000;\"><b><span style=\"font-size: 20pt;\">VOLNO\u010cASOV\u00dd KLUB MAL\u00dd TECHNIK <\/span><\/b><\/span><\/p>\n<p><strong>\u2026 lepen\u00ed, skl\u00e1d\u00e1n\u00ed, stav\u011bn\u00ed a pochopen\u00ed v\u011bc\u00ed kolem n\u00e1s, nau\u010d se pracovat samostatn\u011b\u00a0\u00a0\u00a0\u00a0\u00a0\u00a0\u00a0\u00a0 \u00a0\u00a0\u00a0\u00a0\u00a0\u00a0 <\/strong><\/p>\n<p>M\u00edsto: pion\u00fdrsk\u00e1 klubovna v Kolov\u010di<\/p>\n<p>Term\u00edn: 16. 2. 2026<\/p>\n<p>\u010cas: 8:00 \u2013 16:00<\/p>\n<p>Cena: 150,- K\u010d<\/p>\n<p>Povede: Bor\u016fvka<\/p>\n<p>&nbsp;<\/p>\n","protected":false},"excerpt":{"rendered":"<p>VOLNO\u010cASOV\u00dd KLUB MAL\u00dd TECHNIK \u2026 lepen\u00ed, skl\u00e1d\u00e1n\u00ed, stav\u011bn\u00ed a pochopen\u00ed v\u011bc\u00ed kolem n\u00e1s, nau\u010d se pracovat samostatn\u011b\u00a0\u00a0\u00a0\u00a0\u00a0\u00a0\u00a0\u00a0 \u00a0\u00a0\u00a0\u00a0\u00a0\u00a0 M\u00edsto: pion\u00fdrsk\u00e1 klubovna v Kolov\u010di Term\u00edn: 16. 2. 2026 \u010cas: 8:00 \u2013 16:00 Cena: 150,- K\u010d Povede: Bor\u016fvka &nbsp;<\/p>\n","protected":false},"author":2,"featured_media":0,"parent":1319,"menu_order":0,"comment_status":"closed","ping_status":"open","template":"","meta":{"footnotes":""},"class_list":["post-2621","page","type-page","status-publish","hentry"],"_links":{"self":[{"href":"https:\/\/kolokolovec.pionyr.cz\/index.php?rest_route=\/wp\/v2\/pages\/2621"}],"collection":[{"href":"https:\/\/kolokolovec.pionyr.cz\/index.php?rest_route=\/wp\/v2\/pages"}],"about":[{"href":"https:\/\/kolokolovec.pionyr.cz\/index.php?rest_route=\/wp\/v2\/types\/page"}],"author":[{"embeddable":true,"href":"https:\/\/kolokolovec.pionyr.cz\/index.php?rest_route=\/wp\/v2\/users\/2"}],"replies":[{"embeddable":true,"href":"https:\/\/kolokolovec.pionyr.cz\/index.php?rest_route=%2Fwp%2Fv2%2Fcomments&post=2621"}],"version-history":[{"count":18,"href":"https:\/\/kolokolovec.pionyr.cz\/index.php?rest_route=\/wp\/v2\/pages\/2621\/revisions"}],"predecessor-version":[{"id":3508,"href":"https:\/\/kolokolovec.pionyr.cz\/index.php?rest_route=\/wp\/v2\/pages\/2621\/revisions\/3508"}],"up":[{"embeddable":true,"href":"https:\/\/kolokolovec.pionyr.cz\/index.php?rest_route=\/wp\/v2\/pages\/1319"}],"wp:attachment":[{"href":"https:\/\/kolokolovec.pionyr.cz\/index.php?rest_route=%2Fwp%2Fv2%2Fmedia&parent=2621"}],"curies":[{"name":"wp","href":"https:\/\/api.w.org\/{rel}","templated":true}]}}