{"id":3282,"date":"2024-01-01T10:53:00","date_gmt":"2024-01-01T09:53:00","guid":{"rendered":"https:\/\/kolokolovec.pionyr.cz\/?page_id=3282"},"modified":"2024-09-16T09:25:31","modified_gmt":"2024-09-16T08:25:31","slug":"volnocasovy-klub-broucka-pytlicka","status":"publish","type":"page","link":"https:\/\/kolokolovec.pionyr.cz\/?page_id=3282","title":{"rendered":"Volno\u010dasov\u00fd klub Brou\u010dka Pytl\u00ed\u010dka"},"content":{"rendered":"<h2><span style=\"color: #ff0000;\"><strong>VOLNO\u010cASOV\u00dd KLUB BROU\u010cKA PYTL\u00cd\u010cKA<\/strong><\/span><\/h2>\n<p>prozat\u00edm zru\u0161en<\/p>\n","protected":false},"excerpt":{"rendered":"<p>VOLNO\u010cASOV\u00dd KLUB BROU\u010cKA PYTL\u00cd\u010cKA prozat\u00edm zru\u0161en<\/p>\n","protected":false},"author":2,"featured_media":0,"parent":1319,"menu_order":0,"comment_status":"closed","ping_status":"closed","template":"","meta":{"footnotes":""},"class_list":["post-3282","page","type-page","status-publish","hentry"],"_links":{"self":[{"href":"https:\/\/kolokolovec.pionyr.cz\/index.php?rest_route=\/wp\/v2\/pages\/3282"}],"collection":[{"href":"https:\/\/kolokolovec.pionyr.cz\/index.php?rest_route=\/wp\/v2\/pages"}],"about":[{"href":"https:\/\/kolokolovec.pionyr.cz\/index.php?rest_route=\/wp\/v2\/types\/page"}],"author":[{"embeddable":true,"href":"https:\/\/kolokolovec.pionyr.cz\/index.php?rest_route=\/wp\/v2\/users\/2"}],"replies":[{"embeddable":true,"href":"https:\/\/kolokolovec.pionyr.cz\/index.php?rest_route=%2Fwp%2Fv2%2Fcomments&post=3282"}],"version-history":[{"count":3,"href":"https:\/\/kolokolovec.pionyr.cz\/index.php?rest_route=\/wp\/v2\/pages\/3282\/revisions"}],"predecessor-version":[{"id":3360,"href":"https:\/\/kolokolovec.pionyr.cz\/index.php?rest_route=\/wp\/v2\/pages\/3282\/revisions\/3360"}],"up":[{"embeddable":true,"href":"https:\/\/kolokolovec.pionyr.cz\/index.php?rest_route=\/wp\/v2\/pages\/1319"}],"wp:attachment":[{"href":"https:\/\/kolokolovec.pionyr.cz\/index.php?rest_route=%2Fwp%2Fv2%2Fmedia&parent=3282"}],"curies":[{"name":"wp","href":"https:\/\/api.w.org\/{rel}","templated":true}]}}