{"id":3536,"date":"2026-02-13T21:28:29","date_gmt":"2026-02-13T20:28:29","guid":{"rendered":"https:\/\/kolokolovec.pionyr.cz\/?page_id=3536"},"modified":"2026-02-13T22:13:30","modified_gmt":"2026-02-13T21:13:30","slug":"mariana-szabo","status":"publish","type":"page","link":"https:\/\/kolokolovec.pionyr.cz\/?page_id=3536","title":{"rendered":"Mariana Szab\u00f3 *2006"},"content":{"rendered":"<p>Funkce v pion\u00fdru: Vedouc\u00ed odd\u00edlu<\/p>\n<p>Obl\u00edben\u00e1 \u010dinnost: lezen\u00ed, snowboarding, hran\u00ed v divadle<\/p>\n<p>Obl\u00edben\u00e9 zv\u00ed\u0159e: mo\u0159sk\u00fd kon\u00edk<\/p>\n<p>Motto: &#8211;<\/p>\n<p><img loading=\"lazy\" decoding=\"async\" class=\"alignnone size-medium wp-image-3541\" src=\"http:\/\/kolokolovec.pionyr.cz\/wp-content\/uploads\/2026\/02\/IMG_1057-300x199.jpeg\" alt=\"\" width=\"300\" height=\"199\" srcset=\"https:\/\/kolokolovec.pionyr.cz\/wp-content\/uploads\/2026\/02\/IMG_1057-300x199.jpeg 300w, https:\/\/kolokolovec.pionyr.cz\/wp-content\/uploads\/2026\/02\/IMG_1057-1024x678.jpeg 1024w, https:\/\/kolokolovec.pionyr.cz\/wp-content\/uploads\/2026\/02\/IMG_1057-768x509.jpeg 768w, https:\/\/kolokolovec.pionyr.cz\/wp-content\/uploads\/2026\/02\/IMG_1057-1536x1017.jpeg 1536w, https:\/\/kolokolovec.pionyr.cz\/wp-content\/uploads\/2026\/02\/IMG_1057-2048x1356.jpeg 2048w\" sizes=\"(max-width: 300px) 100vw, 300px\" \/><\/p>\n","protected":false},"excerpt":{"rendered":"<p>Funkce v pion\u00fdru: Vedouc\u00ed odd\u00edlu Obl\u00edben\u00e1 \u010dinnost: lezen\u00ed, snowboarding, hran\u00ed v divadle Obl\u00edben\u00e9 zv\u00ed\u0159e: mo\u0159sk\u00fd kon\u00edk Motto: &#8211;<\/p>\n","protected":false},"author":2,"featured_media":0,"parent":1401,"menu_order":0,"comment_status":"closed","ping_status":"closed","template":"","meta":{"footnotes":""},"class_list":["post-3536","page","type-page","status-publish","hentry"],"_links":{"self":[{"href":"https:\/\/kolokolovec.pionyr.cz\/index.php?rest_route=\/wp\/v2\/pages\/3536"}],"collection":[{"href":"https:\/\/kolokolovec.pionyr.cz\/index.php?rest_route=\/wp\/v2\/pages"}],"about":[{"href":"https:\/\/kolokolovec.pionyr.cz\/index.php?rest_route=\/wp\/v2\/types\/page"}],"author":[{"embeddable":true,"href":"https:\/\/kolokolovec.pionyr.cz\/index.php?rest_route=\/wp\/v2\/users\/2"}],"replies":[{"embeddable":true,"href":"https:\/\/kolokolovec.pionyr.cz\/index.php?rest_route=%2Fwp%2Fv2%2Fcomments&post=3536"}],"version-history":[{"count":3,"href":"https:\/\/kolokolovec.pionyr.cz\/index.php?rest_route=\/wp\/v2\/pages\/3536\/revisions"}],"predecessor-version":[{"id":3540,"href":"https:\/\/kolokolovec.pionyr.cz\/index.php?rest_route=\/wp\/v2\/pages\/3536\/revisions\/3540"}],"up":[{"embeddable":true,"href":"https:\/\/kolokolovec.pionyr.cz\/index.php?rest_route=\/wp\/v2\/pages\/1401"}],"wp:attachment":[{"href":"https:\/\/kolokolovec.pionyr.cz\/index.php?rest_route=%2Fwp%2Fv2%2Fmedia&parent=3536"}],"curies":[{"name":"wp","href":"https:\/\/api.w.org\/{rel}","templated":true}]}}