{"id":3547,"date":"2026-02-17T15:12:03","date_gmt":"2026-02-17T14:12:03","guid":{"rendered":"https:\/\/kolokolovec.pionyr.cz\/?page_id=3547"},"modified":"2026-02-24T21:03:23","modified_gmt":"2026-02-24T20:03:23","slug":"matej-cejp-2006","status":"publish","type":"page","link":"https:\/\/kolokolovec.pionyr.cz\/?page_id=3547","title":{"rendered":"Mat\u011bj Cejp *2006"},"content":{"rendered":"<p>Funkce v pion\u00fdru: Vedouc\u00ed odd\u00edlu<\/p>\n<p>Obl\u00edben\u00e1 \u010dinnost: b\u011bh<\/p>\n<p>Obl\u00edbenn\u00e9 zv\u00ed\u0159e: pes<\/p>\n<p>Motto: Nehledej v\u00fdmluvy, ale zp\u016fsoby<\/p>\n<p><img loading=\"lazy\" decoding=\"async\" class=\"alignnone size-medium wp-image-3545\" src=\"http:\/\/kolokolovec.pionyr.cz\/wp-content\/uploads\/2026\/02\/att.RKp7VmWuiSIBAyoznbY-q4tiwINeT5ipFi5e0RTqfMU-300x199.jpeg\" alt=\"\" width=\"300\" height=\"199\" srcset=\"https:\/\/kolokolovec.pionyr.cz\/wp-content\/uploads\/2026\/02\/att.RKp7VmWuiSIBAyoznbY-q4tiwINeT5ipFi5e0RTqfMU-300x199.jpeg 300w, https:\/\/kolokolovec.pionyr.cz\/wp-content\/uploads\/2026\/02\/att.RKp7VmWuiSIBAyoznbY-q4tiwINeT5ipFi5e0RTqfMU-1024x678.jpeg 1024w, https:\/\/kolokolovec.pionyr.cz\/wp-content\/uploads\/2026\/02\/att.RKp7VmWuiSIBAyoznbY-q4tiwINeT5ipFi5e0RTqfMU-768x509.jpeg 768w, https:\/\/kolokolovec.pionyr.cz\/wp-content\/uploads\/2026\/02\/att.RKp7VmWuiSIBAyoznbY-q4tiwINeT5ipFi5e0RTqfMU-1536x1017.jpeg 1536w, https:\/\/kolokolovec.pionyr.cz\/wp-content\/uploads\/2026\/02\/att.RKp7VmWuiSIBAyoznbY-q4tiwINeT5ipFi5e0RTqfMU.jpeg 2048w\" sizes=\"(max-width: 300px) 100vw, 300px\" \/><\/p>\n","protected":false},"excerpt":{"rendered":"<p>Funkce v pion\u00fdru: Vedouc\u00ed odd\u00edlu Obl\u00edben\u00e1 \u010dinnost: b\u011bh Obl\u00edbenn\u00e9 zv\u00ed\u0159e: pes Motto: Nehledej v\u00fdmluvy, ale zp\u016fsoby<\/p>\n","protected":false},"author":9,"featured_media":0,"parent":1401,"menu_order":0,"comment_status":"closed","ping_status":"closed","template":"","meta":{"footnotes":""},"class_list":["post-3547","page","type-page","status-publish","hentry"],"_links":{"self":[{"href":"https:\/\/kolokolovec.pionyr.cz\/index.php?rest_route=\/wp\/v2\/pages\/3547"}],"collection":[{"href":"https:\/\/kolokolovec.pionyr.cz\/index.php?rest_route=\/wp\/v2\/pages"}],"about":[{"href":"https:\/\/kolokolovec.pionyr.cz\/index.php?rest_route=\/wp\/v2\/types\/page"}],"author":[{"embeddable":true,"href":"https:\/\/kolokolovec.pionyr.cz\/index.php?rest_route=\/wp\/v2\/users\/9"}],"replies":[{"embeddable":true,"href":"https:\/\/kolokolovec.pionyr.cz\/index.php?rest_route=%2Fwp%2Fv2%2Fcomments&post=3547"}],"version-history":[{"count":1,"href":"https:\/\/kolokolovec.pionyr.cz\/index.php?rest_route=\/wp\/v2\/pages\/3547\/revisions"}],"predecessor-version":[{"id":3548,"href":"https:\/\/kolokolovec.pionyr.cz\/index.php?rest_route=\/wp\/v2\/pages\/3547\/revisions\/3548"}],"up":[{"embeddable":true,"href":"https:\/\/kolokolovec.pionyr.cz\/index.php?rest_route=\/wp\/v2\/pages\/1401"}],"wp:attachment":[{"href":"https:\/\/kolokolovec.pionyr.cz\/index.php?rest_route=%2Fwp%2Fv2%2Fmedia&parent=3547"}],"curies":[{"name":"wp","href":"https:\/\/api.w.org\/{rel}","templated":true}]}}