{"id":3549,"date":"2026-02-17T15:16:01","date_gmt":"2026-02-17T14:16:01","guid":{"rendered":"https:\/\/kolokolovec.pionyr.cz\/?page_id=3549"},"modified":"2026-02-24T21:04:21","modified_gmt":"2026-02-24T20:04:21","slug":"julie-cejpova-2009","status":"publish","type":"page","link":"https:\/\/kolokolovec.pionyr.cz\/?page_id=3549","title":{"rendered":"Julie Cejpov\u00e1 *2009"},"content":{"rendered":"<p>Funkce v pion\u00fdru: Instruktor<\/p>\n<p>Obl\u00edben\u00e1 \u010dinnost: hra na klav\u00edr<\/p>\n<p>Obl\u00edben\u00e9 zv\u00ed\u0159e: ko\u010dka<\/p>\n<p>Motto: &#8211;<\/p>\n<p><img loading=\"lazy\" decoding=\"async\" class=\"alignnone size-medium wp-image-3550\" src=\"http:\/\/kolokolovec.pionyr.cz\/wp-content\/uploads\/2026\/02\/att.70vK2hR6-rYyvY2DRRk8w0tY8yty62kNbjaqh-UQA8-300x199.jpeg\" alt=\"\" width=\"300\" height=\"199\" srcset=\"https:\/\/kolokolovec.pionyr.cz\/wp-content\/uploads\/2026\/02\/att.70vK2hR6-rYyvY2DRRk8w0tY8yty62kNbjaqh-UQA8-300x199.jpeg 300w, https:\/\/kolokolovec.pionyr.cz\/wp-content\/uploads\/2026\/02\/att.70vK2hR6-rYyvY2DRRk8w0tY8yty62kNbjaqh-UQA8-1024x678.jpeg 1024w, https:\/\/kolokolovec.pionyr.cz\/wp-content\/uploads\/2026\/02\/att.70vK2hR6-rYyvY2DRRk8w0tY8yty62kNbjaqh-UQA8-768x509.jpeg 768w, https:\/\/kolokolovec.pionyr.cz\/wp-content\/uploads\/2026\/02\/att.70vK2hR6-rYyvY2DRRk8w0tY8yty62kNbjaqh-UQA8-1536x1017.jpeg 1536w, https:\/\/kolokolovec.pionyr.cz\/wp-content\/uploads\/2026\/02\/att.70vK2hR6-rYyvY2DRRk8w0tY8yty62kNbjaqh-UQA8.jpeg 2048w\" sizes=\"(max-width: 300px) 100vw, 300px\" \/><\/p>\n","protected":false},"excerpt":{"rendered":"<p>Funkce v pion\u00fdru: Instruktor Obl\u00edben\u00e1 \u010dinnost: hra na klav\u00edr Obl\u00edben\u00e9 zv\u00ed\u0159e: ko\u010dka Motto: &#8211;<\/p>\n","protected":false},"author":9,"featured_media":0,"parent":1401,"menu_order":0,"comment_status":"closed","ping_status":"closed","template":"","meta":{"footnotes":""},"class_list":["post-3549","page","type-page","status-publish","hentry"],"_links":{"self":[{"href":"https:\/\/kolokolovec.pionyr.cz\/index.php?rest_route=\/wp\/v2\/pages\/3549"}],"collection":[{"href":"https:\/\/kolokolovec.pionyr.cz\/index.php?rest_route=\/wp\/v2\/pages"}],"about":[{"href":"https:\/\/kolokolovec.pionyr.cz\/index.php?rest_route=\/wp\/v2\/types\/page"}],"author":[{"embeddable":true,"href":"https:\/\/kolokolovec.pionyr.cz\/index.php?rest_route=\/wp\/v2\/users\/9"}],"replies":[{"embeddable":true,"href":"https:\/\/kolokolovec.pionyr.cz\/index.php?rest_route=%2Fwp%2Fv2%2Fcomments&post=3549"}],"version-history":[{"count":1,"href":"https:\/\/kolokolovec.pionyr.cz\/index.php?rest_route=\/wp\/v2\/pages\/3549\/revisions"}],"predecessor-version":[{"id":3551,"href":"https:\/\/kolokolovec.pionyr.cz\/index.php?rest_route=\/wp\/v2\/pages\/3549\/revisions\/3551"}],"up":[{"embeddable":true,"href":"https:\/\/kolokolovec.pionyr.cz\/index.php?rest_route=\/wp\/v2\/pages\/1401"}],"wp:attachment":[{"href":"https:\/\/kolokolovec.pionyr.cz\/index.php?rest_route=%2Fwp%2Fv2%2Fmedia&parent=3549"}],"curies":[{"name":"wp","href":"https:\/\/api.w.org\/{rel}","templated":true}]}}