{"id":3552,"date":"2026-02-17T15:21:36","date_gmt":"2026-02-17T14:21:36","guid":{"rendered":"https:\/\/kolokolovec.pionyr.cz\/?page_id=3552"},"modified":"2026-02-24T21:03:04","modified_gmt":"2026-02-24T20:03:04","slug":"marie-belohlava-2006","status":"publish","type":"page","link":"https:\/\/kolokolovec.pionyr.cz\/?page_id=3552","title":{"rendered":"Marie B\u011blohlav\u00e1 *2006"},"content":{"rendered":"<p>Funkce v pion\u00fdru: Vedouc\u00ed odd\u00edlu<\/p>\n<p>Obl\u00edben\u00e1 \u010dinnost: p\u00edsk\u00e1n\u00ed<\/p>\n<p>Obl\u00edben\u00e9 zv\u00ed\u0159e: \u017eelva<\/p>\n<p>Motto: Rozd\u00e1vej radost \u00a0 \u00a0 \u00a0 \u00a0 \u00a0 \u00a0 \u00a0 \u00a0 \u00a0 \u00a0 \u00a0 \u00a0 \u00a0 \u00a0 \u00a0 \u00a0 \u00a0 \u00a0 \u00a0 \u00a0 \u00a0 \u00a0 \u00a0 \u00a0 \u00a0 \u00a0 \u00a0 \u00a0 \u00a0 \u00a0 \u00a0 \u00a0 <img loading=\"lazy\" decoding=\"async\" class=\"alignnone size-medium wp-image-3553\" src=\"http:\/\/kolokolovec.pionyr.cz\/wp-content\/uploads\/2026\/02\/att.rLmmLfDGFRNIiF6unu_lNTubQa8fo4P-KNaPtJ9zBls-226x300.jpeg\" alt=\"\" width=\"226\" height=\"300\" srcset=\"https:\/\/kolokolovec.pionyr.cz\/wp-content\/uploads\/2026\/02\/att.rLmmLfDGFRNIiF6unu_lNTubQa8fo4P-KNaPtJ9zBls-226x300.jpeg 226w, https:\/\/kolokolovec.pionyr.cz\/wp-content\/uploads\/2026\/02\/att.rLmmLfDGFRNIiF6unu_lNTubQa8fo4P-KNaPtJ9zBls-771x1024.jpeg 771w, https:\/\/kolokolovec.pionyr.cz\/wp-content\/uploads\/2026\/02\/att.rLmmLfDGFRNIiF6unu_lNTubQa8fo4P-KNaPtJ9zBls-768x1020.jpeg 768w, https:\/\/kolokolovec.pionyr.cz\/wp-content\/uploads\/2026\/02\/att.rLmmLfDGFRNIiF6unu_lNTubQa8fo4P-KNaPtJ9zBls-1157x1536.jpeg 1157w, https:\/\/kolokolovec.pionyr.cz\/wp-content\/uploads\/2026\/02\/att.rLmmLfDGFRNIiF6unu_lNTubQa8fo4P-KNaPtJ9zBls.jpeg 1536w\" sizes=\"(max-width: 226px) 100vw, 226px\" \/><\/p>\n<p>&nbsp;<\/p>\n","protected":false},"excerpt":{"rendered":"<p>Funkce v pion\u00fdru: Vedouc\u00ed odd\u00edlu Obl\u00edben\u00e1 \u010dinnost: p\u00edsk\u00e1n\u00ed Obl\u00edben\u00e9 zv\u00ed\u0159e: \u017eelva Motto: Rozd\u00e1vej radost \u00a0 \u00a0 \u00a0 \u00a0 \u00a0 \u00a0 \u00a0 \u00a0 \u00a0 \u00a0 \u00a0 \u00a0 \u00a0 \u00a0 \u00a0 \u00a0 \u00a0 \u00a0 \u00a0 \u00a0 \u00a0 \u00a0 \u00a0 \u00a0 \u00a0 \u00a0 &hellip; <a href=\"https:\/\/kolokolovec.pionyr.cz\/?page_id=3552\">Cel\u00fd p\u0159\u00edsp\u011bvek <span class=\"meta-nav\">&rarr;<\/span><\/a><\/p>\n","protected":false},"author":9,"featured_media":0,"parent":1401,"menu_order":0,"comment_status":"closed","ping_status":"closed","template":"","meta":{"footnotes":""},"class_list":["post-3552","page","type-page","status-publish","hentry"],"_links":{"self":[{"href":"https:\/\/kolokolovec.pionyr.cz\/index.php?rest_route=\/wp\/v2\/pages\/3552"}],"collection":[{"href":"https:\/\/kolokolovec.pionyr.cz\/index.php?rest_route=\/wp\/v2\/pages"}],"about":[{"href":"https:\/\/kolokolovec.pionyr.cz\/index.php?rest_route=\/wp\/v2\/types\/page"}],"author":[{"embeddable":true,"href":"https:\/\/kolokolovec.pionyr.cz\/index.php?rest_route=\/wp\/v2\/users\/9"}],"replies":[{"embeddable":true,"href":"https:\/\/kolokolovec.pionyr.cz\/index.php?rest_route=%2Fwp%2Fv2%2Fcomments&post=3552"}],"version-history":[{"count":1,"href":"https:\/\/kolokolovec.pionyr.cz\/index.php?rest_route=\/wp\/v2\/pages\/3552\/revisions"}],"predecessor-version":[{"id":3555,"href":"https:\/\/kolokolovec.pionyr.cz\/index.php?rest_route=\/wp\/v2\/pages\/3552\/revisions\/3555"}],"up":[{"embeddable":true,"href":"https:\/\/kolokolovec.pionyr.cz\/index.php?rest_route=\/wp\/v2\/pages\/1401"}],"wp:attachment":[{"href":"https:\/\/kolokolovec.pionyr.cz\/index.php?rest_route=%2Fwp%2Fv2%2Fmedia&parent=3552"}],"curies":[{"name":"wp","href":"https:\/\/api.w.org\/{rel}","templated":true}]}}