{"id":3565,"date":"2026-02-18T07:50:00","date_gmt":"2026-02-18T06:50:00","guid":{"rendered":"https:\/\/kolokolovec.pionyr.cz\/?page_id=3565"},"modified":"2026-02-24T21:02:34","modified_gmt":"2026-02-24T20:02:34","slug":"kristyna-cadyna-cadkova-2008","status":"publish","type":"page","link":"https:\/\/kolokolovec.pionyr.cz\/?page_id=3565","title":{"rendered":"Krist\u00fdna ,,\u010cadyna&#8220; \u010cadkov\u00e1 *2008"},"content":{"rendered":"<p>Funkce v pion\u00fdru: Vedouc\u00ed odd\u00edlu<\/p>\n<p>Obl\u00edben\u00e1 \u010dinnost: \u010dten\u00ed<\/p>\n<p>Obl\u00edben\u00e9 zv\u00ed\u0159e: \u017eirafa<\/p>\n<p>Motto: P\u0159\u00edle\u017eitosti se nest\u00e1vaj\u00ed, ty je vytv\u00e1\u0159\u00ed\u0161<\/p>\n<p><img loading=\"lazy\" decoding=\"async\" class=\"alignnone size-medium wp-image-3566\" src=\"http:\/\/kolokolovec.pionyr.cz\/wp-content\/uploads\/2026\/02\/att.fERlx_l24uMIPEOs-NTTmbfDWb56f_grtu1-mYoREto.png-219x300.jpeg\" alt=\"\" width=\"219\" height=\"300\" srcset=\"https:\/\/kolokolovec.pionyr.cz\/wp-content\/uploads\/2026\/02\/att.fERlx_l24uMIPEOs-NTTmbfDWb56f_grtu1-mYoREto.png-219x300.jpeg 219w, https:\/\/kolokolovec.pionyr.cz\/wp-content\/uploads\/2026\/02\/att.fERlx_l24uMIPEOs-NTTmbfDWb56f_grtu1-mYoREto.png-749x1024.jpeg 749w, https:\/\/kolokolovec.pionyr.cz\/wp-content\/uploads\/2026\/02\/att.fERlx_l24uMIPEOs-NTTmbfDWb56f_grtu1-mYoREto.png-768x1050.jpeg 768w, https:\/\/kolokolovec.pionyr.cz\/wp-content\/uploads\/2026\/02\/att.fERlx_l24uMIPEOs-NTTmbfDWb56f_grtu1-mYoREto.png.jpeg 1045w\" sizes=\"(max-width: 219px) 100vw, 219px\" \/><\/p>\n","protected":false},"excerpt":{"rendered":"<p>Funkce v pion\u00fdru: Vedouc\u00ed odd\u00edlu Obl\u00edben\u00e1 \u010dinnost: \u010dten\u00ed Obl\u00edben\u00e9 zv\u00ed\u0159e: \u017eirafa Motto: P\u0159\u00edle\u017eitosti se nest\u00e1vaj\u00ed, ty je vytv\u00e1\u0159\u00ed\u0161<\/p>\n","protected":false},"author":9,"featured_media":0,"parent":1401,"menu_order":0,"comment_status":"closed","ping_status":"closed","template":"","meta":{"footnotes":""},"class_list":["post-3565","page","type-page","status-publish","hentry"],"_links":{"self":[{"href":"https:\/\/kolokolovec.pionyr.cz\/index.php?rest_route=\/wp\/v2\/pages\/3565"}],"collection":[{"href":"https:\/\/kolokolovec.pionyr.cz\/index.php?rest_route=\/wp\/v2\/pages"}],"about":[{"href":"https:\/\/kolokolovec.pionyr.cz\/index.php?rest_route=\/wp\/v2\/types\/page"}],"author":[{"embeddable":true,"href":"https:\/\/kolokolovec.pionyr.cz\/index.php?rest_route=\/wp\/v2\/users\/9"}],"replies":[{"embeddable":true,"href":"https:\/\/kolokolovec.pionyr.cz\/index.php?rest_route=%2Fwp%2Fv2%2Fcomments&post=3565"}],"version-history":[{"count":1,"href":"https:\/\/kolokolovec.pionyr.cz\/index.php?rest_route=\/wp\/v2\/pages\/3565\/revisions"}],"predecessor-version":[{"id":3568,"href":"https:\/\/kolokolovec.pionyr.cz\/index.php?rest_route=\/wp\/v2\/pages\/3565\/revisions\/3568"}],"up":[{"embeddable":true,"href":"https:\/\/kolokolovec.pionyr.cz\/index.php?rest_route=\/wp\/v2\/pages\/1401"}],"wp:attachment":[{"href":"https:\/\/kolokolovec.pionyr.cz\/index.php?rest_route=%2Fwp%2Fv2%2Fmedia&parent=3565"}],"curies":[{"name":"wp","href":"https:\/\/api.w.org\/{rel}","templated":true}]}}