{"id":3580,"date":"2026-02-26T13:27:07","date_gmt":"2026-02-26T12:27:07","guid":{"rendered":"https:\/\/kolokolovec.pionyr.cz\/?page_id=3580"},"modified":"2026-02-26T13:27:09","modified_gmt":"2026-02-26T12:27:09","slug":"petr-eibisch-1999","status":"publish","type":"page","link":"https:\/\/kolokolovec.pionyr.cz\/?page_id=3580","title":{"rendered":"Petr Eibisch *1999"},"content":{"rendered":"<p>Funkce v pion\u00fdru: Vedouc\u00ed odd\u00edlu<\/p>\n<p>Obl\u00edben\u00e1 \u010dinnost: b\u011bh, cyklistika, plav\u00e1n\u00ed<\/p>\n<p>Obl\u00edben\u00e9 zv\u00ed\u0159e: pes<\/p>\n<p>Motto: Na v\u011bku nez\u00e1le\u017e\u00ed.<\/p>\n<p><img loading=\"lazy\" decoding=\"async\" class=\"alignnone size-medium wp-image-3581\" src=\"http:\/\/kolokolovec.pionyr.cz\/wp-content\/uploads\/2026\/02\/FE1FF7C5-8D08-4823-AA94-DB390E2FE771-300x199.jpeg\" alt=\"\" width=\"300\" height=\"199\" srcset=\"https:\/\/kolokolovec.pionyr.cz\/wp-content\/uploads\/2026\/02\/FE1FF7C5-8D08-4823-AA94-DB390E2FE771-300x199.jpeg 300w, https:\/\/kolokolovec.pionyr.cz\/wp-content\/uploads\/2026\/02\/FE1FF7C5-8D08-4823-AA94-DB390E2FE771-1024x678.jpeg 1024w, https:\/\/kolokolovec.pionyr.cz\/wp-content\/uploads\/2026\/02\/FE1FF7C5-8D08-4823-AA94-DB390E2FE771-768x509.jpeg 768w, https:\/\/kolokolovec.pionyr.cz\/wp-content\/uploads\/2026\/02\/FE1FF7C5-8D08-4823-AA94-DB390E2FE771.jpeg 1179w\" sizes=\"(max-width: 300px) 100vw, 300px\" \/><\/p>\n","protected":false},"excerpt":{"rendered":"<p>Funkce v pion\u00fdru: Vedouc\u00ed odd\u00edlu Obl\u00edben\u00e1 \u010dinnost: b\u011bh, cyklistika, plav\u00e1n\u00ed Obl\u00edben\u00e9 zv\u00ed\u0159e: pes Motto: Na v\u011bku nez\u00e1le\u017e\u00ed.<\/p>\n","protected":false},"author":9,"featured_media":0,"parent":1401,"menu_order":0,"comment_status":"closed","ping_status":"closed","template":"","meta":{"footnotes":""},"class_list":["post-3580","page","type-page","status-publish","hentry"],"_links":{"self":[{"href":"https:\/\/kolokolovec.pionyr.cz\/index.php?rest_route=\/wp\/v2\/pages\/3580"}],"collection":[{"href":"https:\/\/kolokolovec.pionyr.cz\/index.php?rest_route=\/wp\/v2\/pages"}],"about":[{"href":"https:\/\/kolokolovec.pionyr.cz\/index.php?rest_route=\/wp\/v2\/types\/page"}],"author":[{"embeddable":true,"href":"https:\/\/kolokolovec.pionyr.cz\/index.php?rest_route=\/wp\/v2\/users\/9"}],"replies":[{"embeddable":true,"href":"https:\/\/kolokolovec.pionyr.cz\/index.php?rest_route=%2Fwp%2Fv2%2Fcomments&post=3580"}],"version-history":[{"count":1,"href":"https:\/\/kolokolovec.pionyr.cz\/index.php?rest_route=\/wp\/v2\/pages\/3580\/revisions"}],"predecessor-version":[{"id":3582,"href":"https:\/\/kolokolovec.pionyr.cz\/index.php?rest_route=\/wp\/v2\/pages\/3580\/revisions\/3582"}],"up":[{"embeddable":true,"href":"https:\/\/kolokolovec.pionyr.cz\/index.php?rest_route=\/wp\/v2\/pages\/1401"}],"wp:attachment":[{"href":"https:\/\/kolokolovec.pionyr.cz\/index.php?rest_route=%2Fwp%2Fv2%2Fmedia&parent=3580"}],"curies":[{"name":"wp","href":"https:\/\/api.w.org\/{rel}","templated":true}]}}